{"id":6815,"date":"2023-07-17T13:17:17","date_gmt":"2023-07-17T12:17:17","guid":{"rendered":"https:\/\/varenmetsil.nl\/vaartips\/"},"modified":"2024-07-17T10:40:09","modified_gmt":"2024-07-17T09:40:09","slug":"vaartips","status":"publish","type":"page","link":"https:\/\/varenmetsil.nl\/de\/varen-in-friesland\/vaartips\/","title":{"rendered":"Segeltipps"},"content":{"rendered":"<!--themify_builder_content-->\n<div id=\"themify_builder_content-6815\" data-postid=\"6815\" class=\"themify_builder_content themify_builder_content-6815 themify_builder tf_clear\">\n                    <div  data-parallax-bg=\"mobile\" data-css_id=\"t45j742\" data-lazy=\"1\" class=\"module_row themify_builder_row fullwidth tb_t45j742 tb_first tf_w\">\n                        <div class=\"row_inner col_align_top tb_col_count_1 tf_box tf_rel\">\n                        <div  data-lazy=\"1\" class=\"module_column tb-column col-full tb_4mf9743 first\">\n                    <!-- module text -->\n<div  class=\"module module-text tb_zaax743    hide-mobile\" data-lazy=\"1\">\n        <div  class=\"tb_text_wrap\">\n        <h1>Segeltipps f\u00fcr Anf\u00e4nger und Fortgeschrittene<\/h1>\n<h4>\u00a0<\/h4>    <\/div>\n<\/div>\n<!-- \/module text -->        <\/div>\n                        <\/div>\n        <\/div>\n                        <div  data-css_id=\"m7zl705\" data-lazy=\"1\" class=\"module_row themify_builder_row fullwidth tb_m7zl705 tf_w\">\n                        <div class=\"row_inner col_align_top tb_col_count_2 tf_box tf_rel\">\n                        <div  data-lazy=\"1\" class=\"module_column tb-column col4-1 tb_ryjt706 first\">\n                            <\/div>\n                    <div  data-lazy=\"1\" class=\"module_column tb-column col4-3 tb_zwn8706 last\">\n                            <div  data-lazy=\"1\" class=\"module_subrow themify_builder_sub_row tf_w col_align_top gutter-none tb_col_count_2 tb_e77s707\">\n                <div  data-lazy=\"1\" class=\"module_column sub_column tb_ajij708 first\">\n                    <!-- module image -->\n<div  class=\"module module-image tb_sggi708 image-top rounded  auto_fullwidth tf_mw hide-tablet hide-mobile\" data-lazy=\"1\" data-lax-translate-y=\"(vh*1) 0,(vh*0) -70\" data-lax=\"true\">\n        <div class=\"image-wrap tf_rel tf_mw\">\n            <img decoding=\"async\" src=\"https:\/\/varenmetsil.nl\/wp-content\/uploads\/2022\/09\/header-over-ons-1024x577-629x367.jpeg\" width=\"629\" height=\"367\" class=\"wp-post-image wp-image-4682\" title=\"Het Team van Varen met Sil op de haven\" alt=\"Huur een boot in Friesland en ontmoet het team van varen met Sil op de haven\">    \n        <\/div>\n    <!-- \/image-wrap -->\n    \n        <\/div>\n<!-- \/module image -->        <\/div>\n                    <div  data-lazy=\"1\" class=\"module_column sub_column tb_ab56708 last\">\n                    <!-- module text -->\n<div  class=\"module module-text tb_71ky709   \" data-lazy=\"1\">\n        <div  class=\"tb_text_wrap\">\n        <h2>M\u00f6chten Sie sich vor Ihrem Urlaub einlesen?<\/h2>\n<p>Wir helfen Ihnen gerne mit unseren Tipps, Blogs und Artikeln zum Thema Segeln. Lesen Sie unten, wie Sie ein Boot anlegen, wann Sie ohne F\u00fchrerschein segeln d\u00fcrfen und vieles mehr!<\/p>    <\/div>\n<\/div>\n<!-- \/module text --><!-- module text -->\n<div  class=\"module module-text tb_7bbm709   \" data-lazy=\"1\">\n        <div  class=\"tb_text_wrap\">\n        <h3>Websites mit Informationen<\/h3>\n<p>Wir k\u00f6nnen Ihnen viel \u00fcber das Segeln erz\u00e4hlen, aber diese n\u00fctzlichen Websites sind ebenfalls vollgepackt mit Informationen!<\/p>\n<ul>\n<li><strong>Varen doe je samen<\/strong>: <a href=\"http:\/\/www.varendoejesamen.nl\" target=\"_new\" rel=\"noreferrer\">www.varendoejesamen.nl<\/a><\/li>\n<li><strong>HISWA<\/strong>: <a href=\"http:\/\/www.hiswa.nl\" target=\"_new\" rel=\"noreferrer\">www.hiswa.nl<\/a><\/li>\n<li><strong>Rijkswaterstaat<\/strong>: <a href=\"http:\/\/www.rijkswaterstaat.nl\" target=\"_new\" rel=\"noreferrer\">www.rijkswaterstaat.nl<\/a><\/li>\n<\/ul>    <\/div>\n<\/div>\n<!-- \/module text -->        <\/div>\n                    <\/div>\n                <\/div>\n                        <\/div>\n        <\/div>\n                        <div  data-lazy=\"1\" class=\"module_row themify_builder_row tb_bdsk969 tf_w\">\n                        <div class=\"row_inner col_align_top tb_col_count_1 tf_box tf_rel\">\n                        <div  data-lazy=\"1\" class=\"module_column tb-column col-full tb_fnv5970 first\">\n                    <!-- module text -->\n<div  class=\"module module-text tb_v1sg900   \" data-lazy=\"1\">\n        <div  class=\"tb_text_wrap\">\n        <h2 style=\"text-align: center;\">Lesen Sie die Segeltipps von Varen met Sil<\/h2>    <\/div>\n<\/div>\n<!-- \/module text -->        <\/div>\n                        <\/div>\n        <\/div>\n        <\/div>\n<!--\/themify_builder_content-->","protected":false},"excerpt":{"rendered":"<p>Segeltipps f\u00fcr Anf\u00e4nger und Fortgeschrittene \u00a0<\/p>\n","protected":false},"author":2,"featured_media":0,"parent":7870,"menu_order":0,"comment_status":"closed","ping_status":"closed","template":"","meta":{"_monsterinsights_skip_tracking":false,"_monsterinsights_sitenote_active":false,"_monsterinsights_sitenote_note":"","_monsterinsights_sitenote_category":0,"footnotes":""},"class_list":["post-6815","page","type-page","status-publish","hentry","has-post-title","has-post-date","has-post-category","has-post-tag","has-post-comment","has-post-author",""],"acf":[],"yoast_head":"<!-- This site is optimized with the Yoast SEO plugin v25.8 - https:\/\/yoast.com\/wordpress\/plugins\/seo\/ -->\n<title>Segeltipps f\u00fcr Ihren Segelurlaub in Friesland - Varen met Sil<\/title>\n<meta name=\"description\" content=\"Sind Sie auf der Suche nach einer sch\u00f6nen Segelroute in Friesland? Wir haben lange und kurze Routen durch ganz Friesland. Schauen Sie auf unserer Website vorbei.\" \/>\n<meta name=\"robots\" content=\"index, follow, max-snippet:-1, max-image-preview:large, max-video-preview:-1\" \/>\n<link rel=\"canonical\" href=\"https:\/\/varenmetsil.nl\/de\/varen-in-friesland\/vaartips\/\" \/>\n<meta property=\"og:locale\" content=\"de_DE\" \/>\n<meta property=\"og:type\" content=\"article\" \/>\n<meta property=\"og:title\" content=\"Segeltipps f\u00fcr Ihren Segelurlaub in Friesland - Varen met Sil\" \/>\n<meta property=\"og:description\" content=\"Sind Sie auf der Suche nach einer sch\u00f6nen Segelroute in Friesland? Wir haben lange und kurze Routen durch ganz Friesland. Schauen Sie auf unserer Website vorbei.\" \/>\n<meta property=\"og:url\" content=\"https:\/\/varenmetsil.nl\/de\/varen-in-friesland\/vaartips\/\" \/>\n<meta property=\"og:site_name\" content=\"Varen met Sil\" \/>\n<meta property=\"article:publisher\" content=\"https:\/\/www.facebook.com\/varenmetsil\" \/>\n<meta property=\"article:modified_time\" content=\"2024-07-17T09:40:09+00:00\" \/>\n<meta property=\"og:image\" content=\"https:\/\/varenmetsil.nl\/wp-content\/uploads\/2022\/09\/header-over-ons-1024x577-629x367.jpeg\" \/>\n<meta name=\"twitter:card\" content=\"summary_large_image\" \/>\n<meta name=\"twitter:label1\" content=\"Gesch\u00e4tzte Lesezeit\" \/>\n\t<meta name=\"twitter:data1\" content=\"2\u00a0Minuten\" \/>\n<script type=\"application\/ld+json\" class=\"yoast-schema-graph\">{\"@context\":\"https:\/\/schema.org\",\"@graph\":[{\"@type\":\"WebPage\",\"@id\":\"https:\/\/varenmetsil.nl\/de\/varen-in-friesland\/vaartips\/\",\"url\":\"https:\/\/varenmetsil.nl\/de\/varen-in-friesland\/vaartips\/\",\"name\":\"Segeltipps f\u00fcr Ihren Segelurlaub in Friesland - Varen met Sil\",\"isPartOf\":{\"@id\":\"https:\/\/varenmetsil.nl\/de\/#website\"},\"primaryImageOfPage\":{\"@id\":\"https:\/\/varenmetsil.nl\/de\/varen-in-friesland\/vaartips\/#primaryimage\"},\"image\":{\"@id\":\"https:\/\/varenmetsil.nl\/de\/varen-in-friesland\/vaartips\/#primaryimage\"},\"thumbnailUrl\":\"https:\/\/varenmetsil.nl\/wp-content\/uploads\/2022\/09\/header-over-ons-1024x577-629x367.jpeg\",\"datePublished\":\"2023-07-17T12:17:17+00:00\",\"dateModified\":\"2024-07-17T09:40:09+00:00\",\"description\":\"Sind Sie auf der Suche nach einer sch\u00f6nen Segelroute in Friesland? Wir haben lange und kurze Routen durch ganz Friesland. Schauen Sie auf unserer Website vorbei.\",\"breadcrumb\":{\"@id\":\"https:\/\/varenmetsil.nl\/de\/varen-in-friesland\/vaartips\/#breadcrumb\"},\"inLanguage\":\"de\",\"potentialAction\":[{\"@type\":\"ReadAction\",\"target\":[\"https:\/\/varenmetsil.nl\/de\/varen-in-friesland\/vaartips\/\"]}]},{\"@type\":\"ImageObject\",\"inLanguage\":\"de\",\"@id\":\"https:\/\/varenmetsil.nl\/de\/varen-in-friesland\/vaartips\/#primaryimage\",\"url\":\"https:\/\/varenmetsil.nl\/wp-content\/uploads\/2022\/09\/header-over-ons-1024x577-629x367.jpeg\",\"contentUrl\":\"https:\/\/varenmetsil.nl\/wp-content\/uploads\/2022\/09\/header-over-ons-1024x577-629x367.jpeg\"},{\"@type\":\"BreadcrumbList\",\"@id\":\"https:\/\/varenmetsil.nl\/de\/varen-in-friesland\/vaartips\/#breadcrumb\",\"itemListElement\":[{\"@type\":\"ListItem\",\"position\":1,\"name\":\"Home\",\"item\":\"https:\/\/varenmetsil.nl\/de\/\"},{\"@type\":\"ListItem\",\"position\":2,\"name\":\"Segeln in Friesland\",\"item\":\"https:\/\/varenmetsil.nl\/de\/varen-in-friesland\/\"},{\"@type\":\"ListItem\",\"position\":3,\"name\":\"Segeltipps\"}]},{\"@type\":\"WebSite\",\"@id\":\"https:\/\/varenmetsil.nl\/de\/#website\",\"url\":\"https:\/\/varenmetsil.nl\/de\/\",\"name\":\"Varen met Sil\",\"description\":\"Varen met Sil\",\"publisher\":{\"@id\":\"https:\/\/varenmetsil.nl\/de\/#organization\"},\"potentialAction\":[{\"@type\":\"SearchAction\",\"target\":{\"@type\":\"EntryPoint\",\"urlTemplate\":\"https:\/\/varenmetsil.nl\/de\/?s={search_term_string}\"},\"query-input\":{\"@type\":\"PropertyValueSpecification\",\"valueRequired\":true,\"valueName\":\"search_term_string\"}}],\"inLanguage\":\"de\"},{\"@type\":\"Organization\",\"@id\":\"https:\/\/varenmetsil.nl\/de\/#organization\",\"name\":\"Varen met Sil\",\"url\":\"https:\/\/varenmetsil.nl\/de\/\",\"logo\":{\"@type\":\"ImageObject\",\"inLanguage\":\"de\",\"@id\":\"https:\/\/varenmetsil.nl\/de\/#\/schema\/logo\/image\/\",\"url\":\"https:\/\/varenmetsil.nl\/wp-content\/uploads\/2020\/12\/sil-zonder-tekst.png\",\"contentUrl\":\"https:\/\/varenmetsil.nl\/wp-content\/uploads\/2020\/12\/sil-zonder-tekst.png\",\"width\":1069,\"height\":1166,\"caption\":\"Varen met Sil\"},\"image\":{\"@id\":\"https:\/\/varenmetsil.nl\/de\/#\/schema\/logo\/image\/\"},\"sameAs\":[\"https:\/\/www.facebook.com\/varenmetsil\",\"https:\/\/www.instagram.com\/varenmetsil\/\"]}]}<\/script>\n<!-- \/ Yoast SEO plugin. -->","yoast_head_json":{"title":"Segeltipps f\u00fcr Ihren Segelurlaub in Friesland - Varen met Sil","description":"Sind Sie auf der Suche nach einer sch\u00f6nen Segelroute in Friesland? Wir haben lange und kurze Routen durch ganz Friesland. Schauen Sie auf unserer Website vorbei.","robots":{"index":"index","follow":"follow","max-snippet":"max-snippet:-1","max-image-preview":"max-image-preview:large","max-video-preview":"max-video-preview:-1"},"canonical":"https:\/\/varenmetsil.nl\/de\/varen-in-friesland\/vaartips\/","og_locale":"de_DE","og_type":"article","og_title":"Segeltipps f\u00fcr Ihren Segelurlaub in Friesland - Varen met Sil","og_description":"Sind Sie auf der Suche nach einer sch\u00f6nen Segelroute in Friesland? Wir haben lange und kurze Routen durch ganz Friesland. Schauen Sie auf unserer Website vorbei.","og_url":"https:\/\/varenmetsil.nl\/de\/varen-in-friesland\/vaartips\/","og_site_name":"Varen met Sil","article_publisher":"https:\/\/www.facebook.com\/varenmetsil","article_modified_time":"2024-07-17T09:40:09+00:00","og_image":[{"url":"https:\/\/varenmetsil.nl\/wp-content\/uploads\/2022\/09\/header-over-ons-1024x577-629x367.jpeg","type":"","width":"","height":""}],"twitter_card":"summary_large_image","twitter_misc":{"Gesch\u00e4tzte Lesezeit":"2\u00a0Minuten"},"schema":{"@context":"https:\/\/schema.org","@graph":[{"@type":"WebPage","@id":"https:\/\/varenmetsil.nl\/de\/varen-in-friesland\/vaartips\/","url":"https:\/\/varenmetsil.nl\/de\/varen-in-friesland\/vaartips\/","name":"Segeltipps f\u00fcr Ihren Segelurlaub in Friesland - Varen met Sil","isPartOf":{"@id":"https:\/\/varenmetsil.nl\/de\/#website"},"primaryImageOfPage":{"@id":"https:\/\/varenmetsil.nl\/de\/varen-in-friesland\/vaartips\/#primaryimage"},"image":{"@id":"https:\/\/varenmetsil.nl\/de\/varen-in-friesland\/vaartips\/#primaryimage"},"thumbnailUrl":"https:\/\/varenmetsil.nl\/wp-content\/uploads\/2022\/09\/header-over-ons-1024x577-629x367.jpeg","datePublished":"2023-07-17T12:17:17+00:00","dateModified":"2024-07-17T09:40:09+00:00","description":"Sind Sie auf der Suche nach einer sch\u00f6nen Segelroute in Friesland? Wir haben lange und kurze Routen durch ganz Friesland. Schauen Sie auf unserer Website vorbei.","breadcrumb":{"@id":"https:\/\/varenmetsil.nl\/de\/varen-in-friesland\/vaartips\/#breadcrumb"},"inLanguage":"de","potentialAction":[{"@type":"ReadAction","target":["https:\/\/varenmetsil.nl\/de\/varen-in-friesland\/vaartips\/"]}]},{"@type":"ImageObject","inLanguage":"de","@id":"https:\/\/varenmetsil.nl\/de\/varen-in-friesland\/vaartips\/#primaryimage","url":"https:\/\/varenmetsil.nl\/wp-content\/uploads\/2022\/09\/header-over-ons-1024x577-629x367.jpeg","contentUrl":"https:\/\/varenmetsil.nl\/wp-content\/uploads\/2022\/09\/header-over-ons-1024x577-629x367.jpeg"},{"@type":"BreadcrumbList","@id":"https:\/\/varenmetsil.nl\/de\/varen-in-friesland\/vaartips\/#breadcrumb","itemListElement":[{"@type":"ListItem","position":1,"name":"Home","item":"https:\/\/varenmetsil.nl\/de\/"},{"@type":"ListItem","position":2,"name":"Segeln in Friesland","item":"https:\/\/varenmetsil.nl\/de\/varen-in-friesland\/"},{"@type":"ListItem","position":3,"name":"Segeltipps"}]},{"@type":"WebSite","@id":"https:\/\/varenmetsil.nl\/de\/#website","url":"https:\/\/varenmetsil.nl\/de\/","name":"Varen met Sil","description":"Varen met Sil","publisher":{"@id":"https:\/\/varenmetsil.nl\/de\/#organization"},"potentialAction":[{"@type":"SearchAction","target":{"@type":"EntryPoint","urlTemplate":"https:\/\/varenmetsil.nl\/de\/?s={search_term_string}"},"query-input":{"@type":"PropertyValueSpecification","valueRequired":true,"valueName":"search_term_string"}}],"inLanguage":"de"},{"@type":"Organization","@id":"https:\/\/varenmetsil.nl\/de\/#organization","name":"Varen met Sil","url":"https:\/\/varenmetsil.nl\/de\/","logo":{"@type":"ImageObject","inLanguage":"de","@id":"https:\/\/varenmetsil.nl\/de\/#\/schema\/logo\/image\/","url":"https:\/\/varenmetsil.nl\/wp-content\/uploads\/2020\/12\/sil-zonder-tekst.png","contentUrl":"https:\/\/varenmetsil.nl\/wp-content\/uploads\/2020\/12\/sil-zonder-tekst.png","width":1069,"height":1166,"caption":"Varen met Sil"},"image":{"@id":"https:\/\/varenmetsil.nl\/de\/#\/schema\/logo\/image\/"},"sameAs":["https:\/\/www.facebook.com\/varenmetsil","https:\/\/www.instagram.com\/varenmetsil\/"]}]}},"jetpack_sharing_enabled":true,"builder_content":"<h1>Segeltipps f\u00fcr Anf\u00e4nger und Fortgeschrittene<\/h1> <h4>\u00a0<\/h4>\n<img src=\"https:\/\/varenmetsil.nl\/wp-content\/uploads\/2022\/09\/header-over-ons-1024x577-629x367.jpeg\" width=\"629\" height=\"367\" title=\"Het Team van Varen met Sil op de haven\" alt=\"Huur een boot in Friesland en ontmoet het team van varen met Sil op de haven\">\n<h2>M\u00f6chten Sie sich vor Ihrem Urlaub einlesen?<\/h2> <p>Wir helfen Ihnen gerne mit unseren Tipps, Blogs und Artikeln zum Thema Segeln. Lesen Sie unten, wie Sie ein Boot anlegen, wann Sie ohne F\u00fchrerschein segeln d\u00fcrfen und vieles mehr!<\/p>\n<h3>Websites mit Informationen<\/h3> <p>Wir k\u00f6nnen Ihnen viel \u00fcber das Segeln erz\u00e4hlen, aber diese n\u00fctzlichen Websites sind ebenfalls vollgepackt mit Informationen!<\/p> <ul> <li><strong>Varen doe je samen<\/strong>: <a href=\"http:\/\/www.varendoejesamen.nl\" target=\"_new\" rel=\"noreferrer\">www.varendoejesamen.nl<\/a><\/li> <li><strong>HISWA<\/strong>: <a href=\"http:\/\/www.hiswa.nl\" target=\"_new\" rel=\"noreferrer\">www.hiswa.nl<\/a><\/li> <li><strong>Rijkswaterstaat<\/strong>: <a href=\"http:\/\/www.rijkswaterstaat.nl\" target=\"_new\" rel=\"noreferrer\">www.rijkswaterstaat.nl<\/a><\/li> <\/ul>\n<h2 style=\"text-align: center;\">Lesen Sie die Segeltipps von Varen met Sil<\/h2>","_links":{"self":[{"href":"https:\/\/varenmetsil.nl\/de\/wp-json\/wp\/v2\/pages\/6815","targetHints":{"allow":["GET"]}}],"collection":[{"href":"https:\/\/varenmetsil.nl\/de\/wp-json\/wp\/v2\/pages"}],"about":[{"href":"https:\/\/varenmetsil.nl\/de\/wp-json\/wp\/v2\/types\/page"}],"author":[{"embeddable":true,"href":"https:\/\/varenmetsil.nl\/de\/wp-json\/wp\/v2\/users\/2"}],"replies":[{"embeddable":true,"href":"https:\/\/varenmetsil.nl\/de\/wp-json\/wp\/v2\/comments?post=6815"}],"version-history":[{"count":8,"href":"https:\/\/varenmetsil.nl\/de\/wp-json\/wp\/v2\/pages\/6815\/revisions"}],"predecessor-version":[{"id":7990,"href":"https:\/\/varenmetsil.nl\/de\/wp-json\/wp\/v2\/pages\/6815\/revisions\/7990"}],"up":[{"embeddable":true,"href":"https:\/\/varenmetsil.nl\/de\/wp-json\/wp\/v2\/pages\/7870"}],"wp:attachment":[{"href":"https:\/\/varenmetsil.nl\/de\/wp-json\/wp\/v2\/media?parent=6815"}],"curies":[{"name":"wp","href":"https:\/\/api.w.org\/{rel}","templated":true}]}}