{"id":4885,"date":"2022-04-19T15:56:42","date_gmt":"2022-04-19T14:56:42","guid":{"rendered":"https:\/\/varenmetsil.nl\/ihre-buchung-war-erfolgreich\/"},"modified":"2024-06-25T14:00:58","modified_gmt":"2024-06-25T13:00:58","slug":"ihre-buchung-war-erfolgreich","status":"publish","type":"page","link":"https:\/\/varenmetsil.nl\/de\/ihre-buchung-war-erfolgreich\/","title":{"rendered":"Ihre Buchung war erfolgreich!"},"content":{"rendered":"<!--themify_builder_content-->\n<div id=\"themify_builder_content-4885\" data-postid=\"4885\" class=\"themify_builder_content themify_builder_content-4885 themify_builder tf_clear\">\n                    <div  data-lazy=\"1\" class=\"module_row themify_builder_row tb_tx9g782 tb_first tf_w\">\n                        <div class=\"row_inner col_align_top tb_col_count_1 tf_box tf_rel\">\n                        <div  data-lazy=\"1\" class=\"module_column tb-column col-full tb_4ltx782 first\">\n                    <!-- module fancy heading -->\n<div  class=\"module module-fancy-heading tb_jvrp467 \" data-lazy=\"1\">\n        <h1 class=\"fancy-heading tf_textc\">\n    <span class=\"main-head tf_block\">\n                    Ihre Buchung war erfolgreich!            <\/span>\n\n    \n    <span class=\"sub-head tf_block tf_rel\">\n                                <\/span>\n    <\/h1>\n<\/div>\n<!-- \/module fancy heading -->\n        <\/div>\n                        <\/div>\n        <\/div>\n                        <div  data-css_id=\"e7on699\" data-lazy=\"1\" class=\"module_row themify_builder_row fullwidth tb_e7on699 tf_w\">\n                        <div class=\"row_inner gutter-none col_align_middle tb_col_count_2 tf_box tf_rel\">\n                        <div  data-lazy=\"1\" class=\"module_column tb-column col4-2 tb_tlz3700 first\">\n                            <div  data-lazy=\"1\" class=\"module_subrow themify_builder_sub_row tf_w col_align_middle tb_col_count_2 tb_57o1700\">\n                <div  data-lazy=\"1\" class=\"module_column sub_column col2-1 tb_dm9k701 first\">\n                    <!-- module image -->\n<div  class=\"module module-image tb_2rce701 image-center rounded  tf_mw\" data-lazy=\"1\" data-lax-translate-y=\"(vh*1) 0,(vh*0) -70\" data-lax=\"true\">\n        <div class=\"image-wrap tf_rel tf_mw\">\n            <img decoding=\"async\" src=\"https:\/\/varenmetsil.nl\/wp-content\/uploads\/2020\/11\/701a7c46-0066-4633-a2cc-50ba62e0b0da-768x1024-310x437.jpg\" width=\"310\" height=\"437\" class=\"wp-post-image wp-image-4484\" title=\"lobke lauwersmeer\" alt=\"lobke lauwersmeer\">    \n        <\/div>\n    <!-- \/image-wrap -->\n    \n        <\/div>\n<!-- \/module image -->        <\/div>\n                    <div  data-lazy=\"1\" class=\"module_column sub_column col2-1 tb_wnpe701 last\">\n                    <!-- module image -->\n<div  class=\"module module-image tb_92vc702 image-center rounded  tf_mw\" data-lazy=\"1\" data-lax-translate-y=\"(vh*1) 0,(vh*0) -140\" data-lax=\"true\">\n        <div class=\"image-wrap tf_rel tf_mw\">\n            <img decoding=\"async\" src=\"https:\/\/varenmetsil.nl\/wp-content\/uploads\/2021\/05\/PHOTO-2021-05-05-21-49-01-310x280.jpg\" width=\"310\" height=\"280\" class=\"wp-post-image wp-image-4545\" title=\"Mare in Dokkum\" alt=\"Mare in Dokkum\">    \n        <\/div>\n    <!-- \/image-wrap -->\n    \n        <\/div>\n<!-- \/module image --><!-- module image -->\n<div  class=\"module module-image tb_po4j702 image-center rounded  tf_mw\" data-lazy=\"1\" data-lax-translate-y=\"(vh*1) 0,(vh*0) -70\" data-lax=\"true\">\n        <div class=\"image-wrap tf_rel tf_mw\">\n            <img decoding=\"async\" src=\"https:\/\/varenmetsil.nl\/wp-content\/uploads\/2022\/03\/IMG_8436-1024x768-310x280.jpg\" width=\"310\" height=\"280\" class=\"wp-post-image wp-image-4638\" title=\"platbodems in de jachthaven\" alt=\"platbodems in de jachthaven\">    \n        <\/div>\n    <!-- \/image-wrap -->\n    \n        <\/div>\n<!-- \/module image -->        <\/div>\n                    <\/div>\n                <\/div>\n                    <div  data-lazy=\"1\" class=\"module_column tb-column col4-2 tb_xesj702 last\">\n                    <!-- module text -->\n<div  class=\"module module-text tb_1ahm702   \" data-lazy=\"1\">\n        <div  class=\"tb_text_wrap\">\n        <h2>Ihre Buchung bei Varen met Sil war erfolgreich!<\/h2>\n<p style=\"text-align: left;\">Wie sch\u00f6n, dass Sie mit einem unserer Boote segeln werden. Sie erhalten schnellstm\u00f6glich eine Buchungsbest\u00e4tigung von uns. Sobald die Anzahlung bei uns eingegangen ist, ist die Buchung definitiv. Die Reservierung ist 7 Tage g\u00fcltig, danach wird die Reservierung automatisch gel\u00f6scht. Die Restzahlung erhalten wir sp\u00e4testens sechs Wochen vor Anreise. Hierzu erhalten Sie von uns eine Nachricht.<\/p>    <\/div>\n<\/div>\n<!-- \/module text --><!-- module buttons -->\n<div  class=\"module module-buttons tb_5c4v797 buttons-horizontal solid  rounded\" data-lazy=\"1\">\n        <div class=\"module-buttons-item tf_in_flx\">\n                        <a href=\"https:\/\/varenmetsil.nl\/contact\/\" class=\"ui builder_button tf_in_flx tb_default_color\" >\n                                                Fragen? Kontaktiere uns!                                        <\/a>\n                <\/div>\n            <\/div>\n<!-- \/module buttons -->\n        <\/div>\n                        <\/div>\n        <\/div>\n                        <div  data-lazy=\"1\" class=\"module_row themify_builder_row tb_59dz920 tf_w\">\n                        <div class=\"row_inner gutter-none col_align_top tb_col_count_4 tf_box tf_rel\">\n                        <div  data-lazy=\"1\" class=\"module_column tb-column col4-1 tb_bnqw921 first\">\n                    <!-- module image -->\n<div  class=\"module module-image tb_rwv9921 image-top   tf_mw\" data-lazy=\"1\">\n        <div class=\"image-wrap tf_rel tf_mw\">\n            <img decoding=\"async\" src=\"https:\/\/varenmetsil.nl\/wp-content\/uploads\/2020\/12\/sil-zonder-tekst-939x1024-200x218.png\" width=\"200\" height=\"218\" class=\"wp-post-image wp-image-4486\" title=\"sil zonder tekst\" alt=\"sil zonder tekst\" srcset=\"https:\/\/varenmetsil.nl\/wp-content\/uploads\/2020\/12\/sil-zonder-tekst-939x1024-200x218.png 200w, https:\/\/varenmetsil.nl\/wp-content\/uploads\/2020\/12\/sil-zonder-tekst-275x300.png 275w, https:\/\/varenmetsil.nl\/wp-content\/uploads\/2020\/12\/sil-zonder-tekst-939x1024.png 939w, https:\/\/varenmetsil.nl\/wp-content\/uploads\/2020\/12\/sil-zonder-tekst-768x838.png 768w, https:\/\/varenmetsil.nl\/wp-content\/uploads\/2020\/12\/sil-zonder-tekst-500x545.png 500w, https:\/\/varenmetsil.nl\/wp-content\/uploads\/2020\/12\/sil-zonder-tekst-939x1024-150x163.png 150w, https:\/\/varenmetsil.nl\/wp-content\/uploads\/2020\/12\/sil-zonder-tekst.png 1069w\" sizes=\"(max-width: 200px) 100vw, 200px\" \/>    \n        <\/div>\n    <!-- \/image-wrap -->\n    \n        <\/div>\n<!-- \/module image -->        <\/div>\n                    <div  data-lazy=\"1\" class=\"module_column tb-column col4-1 tb_60fm922\">\n                    <!-- module text -->\n<div  class=\"module module-text tb_hwuh922  repeat \" data-lazy=\"1\">\n        <div  class=\"tb_text_wrap\">\n        <p>Kontakt<\/p>    <\/div>\n<\/div>\n<!-- \/module text --><!-- module icon -->\n<div  class=\"module module-icon tb_f7np922  small none icon_vertical \" data-lazy=\"1\">\n            <div class=\"module-icon-item\">\n                                                                <em class=\"tf_box\"><svg  class=\"tf_fa tf-ti-location-pin\" aria-hidden=\"true\"><use href=\"#tf-ti-location-pin\"><\/use><\/svg><\/em>\n                                                                            <span>Postadres: Brokmui 37 9101EW Dokkum<\/span>\n                                                            <\/div>\n            <div class=\"module-icon-item\">\n                                                                <em class=\"tf_box\"><svg  class=\"tf_fa tf-ti-anchor\" aria-hidden=\"true\"><use href=\"#tf-ti-anchor\"><\/use><\/svg><\/em>\n                                                                            <span>Haven: Kwelderweg 1 Kollum<\/span>\n                                                            <\/div>\n            <div class=\"module-icon-item\">\n                                                                <em class=\"tf_box\"><svg  class=\"tf_fa tf-ti-mobile\" aria-hidden=\"true\"><use href=\"#tf-ti-mobile\"><\/use><\/svg><\/em>\n                                                                            <span>+31 6 19 48 00 97<\/span>\n                                                            <\/div>\n    <\/div>\n<!-- \/module icon -->\n        <\/div>\n                    <div  data-lazy=\"1\" class=\"module_column tb-column col4-1 tb_kcys922\">\n                    <!-- module text -->\n<div  class=\"module module-text tb_9oq6923  repeat \" data-lazy=\"1\">\n        <div  class=\"tb_text_wrap\">\n        <p>Volg ons!<\/p>    <\/div>\n<\/div>\n<!-- \/module text --><!-- module icon -->\n<div  class=\"module module-icon tb_2gqh923  small rounded icon_horizontal tf_textl\" data-lazy=\"1\">\n            <div class=\"module-icon-item\">\n                            <a href=\"https:\/\/www.facebook.com\/Varen-met-Sil-104871501144325\">\n                                                                    <em class=\"tf_boxtb_default_color\"><svg  class=\"tf_fa tf-ti-facebook\" aria-hidden=\"true\"><use href=\"#tf-ti-facebook\"><\/use><\/svg><\/em>\n                                                                            <span>@varenmetsil<\/span>\n                                                                    <\/a>\n                    <\/div>\n            <div class=\"module-icon-item\">\n                            <a href=\"http:\/\/instagram.com\/varenmetsil\" rel=\"noopener\" target=\"_blank\">\n                                                                    <em class=\"tf_boxtb_default_color\"><svg  class=\"tf_fa tf-ti-instagram\" aria-hidden=\"true\"><use href=\"#tf-ti-instagram\"><\/use><\/svg><\/em>\n                                                                            <span>@varenmetsil<\/span>\n                                                                    <\/a>\n                    <\/div>\n    <\/div>\n<!-- \/module icon -->\n        <\/div>\n                    <div  data-lazy=\"1\" class=\"module_column tb-column col4-1 tb_eg5e923 last\">\n                    <!-- module widget -->\n<div  class=\"module module-widget tb_e6wn923  \" data-lazy=\"1\">\n    <\/div>\n<!-- \/module widget -->\n        <\/div>\n                        <\/div>\n        <\/div>\n        <\/div>\n<!--\/themify_builder_content-->","protected":false},"excerpt":{"rendered":"<p>Ihre Buchung bei Varen met Sil war erfolgreich! Wie sch\u00f6n, dass Sie mit einem unserer Boote segeln werden. Sie erhalten schnellstm\u00f6glich eine Buchungsbest\u00e4tigung von uns. Sobald die Anzahlung bei uns eingegangen ist, ist die Buchung definitiv. Die Reservierung ist 7 Tage g\u00fcltig, danach wird die Reservierung automatisch gel\u00f6scht. Die Restzahlung erhalten wir sp\u00e4testens sechs Wochen [&hellip;]<\/p>\n","protected":false},"author":2,"featured_media":0,"parent":0,"menu_order":0,"comment_status":"closed","ping_status":"closed","template":"","meta":{"_monsterinsights_skip_tracking":false,"_monsterinsights_sitenote_active":false,"_monsterinsights_sitenote_note":"","_monsterinsights_sitenote_category":0,"footnotes":""},"class_list":["post-4885","page","type-page","status-publish","hentry","has-post-title","has-post-date","has-post-category","has-post-tag","has-post-comment","has-post-author",""],"acf":[],"yoast_head":"<!-- This site is optimized with the Yoast SEO plugin v25.8 - https:\/\/yoast.com\/wordpress\/plugins\/seo\/ -->\n<title>Ihre Buchung war erfolgreich! - Varen met Sil<\/title>\n<meta name=\"robots\" content=\"index, follow, max-snippet:-1, max-image-preview:large, max-video-preview:-1\" \/>\n<link rel=\"canonical\" href=\"https:\/\/varenmetsil.nl\/de\/ihre-buchung-war-erfolgreich\/\" \/>\n<meta property=\"og:locale\" content=\"de_DE\" \/>\n<meta property=\"og:type\" content=\"article\" \/>\n<meta property=\"og:title\" content=\"Ihre Buchung war erfolgreich! - Varen met Sil\" \/>\n<meta property=\"og:description\" content=\"Ihre Buchung bei Varen met Sil war erfolgreich! Wie sch\u00f6n, dass Sie mit einem unserer Boote segeln werden. Sie erhalten schnellstm\u00f6glich eine Buchungsbest\u00e4tigung von uns. Sobald die Anzahlung bei uns eingegangen ist, ist die Buchung definitiv. Die Reservierung ist 7 Tage g\u00fcltig, danach wird die Reservierung automatisch gel\u00f6scht. Die Restzahlung erhalten wir sp\u00e4testens sechs Wochen [&hellip;]\" \/>\n<meta property=\"og:url\" content=\"https:\/\/varenmetsil.nl\/de\/ihre-buchung-war-erfolgreich\/\" \/>\n<meta property=\"og:site_name\" content=\"Varen met Sil\" \/>\n<meta property=\"article:publisher\" content=\"https:\/\/www.facebook.com\/varenmetsil\" \/>\n<meta property=\"article:modified_time\" content=\"2024-06-25T13:00:58+00:00\" \/>\n<meta name=\"twitter:card\" content=\"summary_large_image\" \/>\n<script type=\"application\/ld+json\" class=\"yoast-schema-graph\">{\"@context\":\"https:\/\/schema.org\",\"@graph\":[{\"@type\":\"WebPage\",\"@id\":\"https:\/\/varenmetsil.nl\/de\/ihre-buchung-war-erfolgreich\/\",\"url\":\"https:\/\/varenmetsil.nl\/de\/ihre-buchung-war-erfolgreich\/\",\"name\":\"Ihre Buchung war erfolgreich! - Varen met Sil\",\"isPartOf\":{\"@id\":\"https:\/\/varenmetsil.nl\/de\/#website\"},\"datePublished\":\"2022-04-19T14:56:42+00:00\",\"dateModified\":\"2024-06-25T13:00:58+00:00\",\"breadcrumb\":{\"@id\":\"https:\/\/varenmetsil.nl\/de\/ihre-buchung-war-erfolgreich\/#breadcrumb\"},\"inLanguage\":\"de\",\"potentialAction\":[{\"@type\":\"ReadAction\",\"target\":[\"https:\/\/varenmetsil.nl\/de\/ihre-buchung-war-erfolgreich\/\"]}]},{\"@type\":\"BreadcrumbList\",\"@id\":\"https:\/\/varenmetsil.nl\/de\/ihre-buchung-war-erfolgreich\/#breadcrumb\",\"itemListElement\":[{\"@type\":\"ListItem\",\"position\":1,\"name\":\"Home\",\"item\":\"https:\/\/varenmetsil.nl\/de\/\"},{\"@type\":\"ListItem\",\"position\":2,\"name\":\"Ihre Buchung war erfolgreich!\"}]},{\"@type\":\"WebSite\",\"@id\":\"https:\/\/varenmetsil.nl\/de\/#website\",\"url\":\"https:\/\/varenmetsil.nl\/de\/\",\"name\":\"Varen met Sil\",\"description\":\"Varen met Sil\",\"publisher\":{\"@id\":\"https:\/\/varenmetsil.nl\/de\/#organization\"},\"potentialAction\":[{\"@type\":\"SearchAction\",\"target\":{\"@type\":\"EntryPoint\",\"urlTemplate\":\"https:\/\/varenmetsil.nl\/de\/?s={search_term_string}\"},\"query-input\":{\"@type\":\"PropertyValueSpecification\",\"valueRequired\":true,\"valueName\":\"search_term_string\"}}],\"inLanguage\":\"de\"},{\"@type\":\"Organization\",\"@id\":\"https:\/\/varenmetsil.nl\/de\/#organization\",\"name\":\"Varen met Sil\",\"url\":\"https:\/\/varenmetsil.nl\/de\/\",\"logo\":{\"@type\":\"ImageObject\",\"inLanguage\":\"de\",\"@id\":\"https:\/\/varenmetsil.nl\/de\/#\/schema\/logo\/image\/\",\"url\":\"https:\/\/varenmetsil.nl\/wp-content\/uploads\/2020\/12\/sil-zonder-tekst.png\",\"contentUrl\":\"https:\/\/varenmetsil.nl\/wp-content\/uploads\/2020\/12\/sil-zonder-tekst.png\",\"width\":1069,\"height\":1166,\"caption\":\"Varen met Sil\"},\"image\":{\"@id\":\"https:\/\/varenmetsil.nl\/de\/#\/schema\/logo\/image\/\"},\"sameAs\":[\"https:\/\/www.facebook.com\/varenmetsil\",\"https:\/\/www.instagram.com\/varenmetsil\/\"]}]}<\/script>\n<!-- \/ Yoast SEO plugin. -->","yoast_head_json":{"title":"Ihre Buchung war erfolgreich! - Varen met Sil","robots":{"index":"index","follow":"follow","max-snippet":"max-snippet:-1","max-image-preview":"max-image-preview:large","max-video-preview":"max-video-preview:-1"},"canonical":"https:\/\/varenmetsil.nl\/de\/ihre-buchung-war-erfolgreich\/","og_locale":"de_DE","og_type":"article","og_title":"Ihre Buchung war erfolgreich! - Varen met Sil","og_description":"Ihre Buchung bei Varen met Sil war erfolgreich! Wie sch\u00f6n, dass Sie mit einem unserer Boote segeln werden. Sie erhalten schnellstm\u00f6glich eine Buchungsbest\u00e4tigung von uns. Sobald die Anzahlung bei uns eingegangen ist, ist die Buchung definitiv. Die Reservierung ist 7 Tage g\u00fcltig, danach wird die Reservierung automatisch gel\u00f6scht. Die Restzahlung erhalten wir sp\u00e4testens sechs Wochen [&hellip;]","og_url":"https:\/\/varenmetsil.nl\/de\/ihre-buchung-war-erfolgreich\/","og_site_name":"Varen met Sil","article_publisher":"https:\/\/www.facebook.com\/varenmetsil","article_modified_time":"2024-06-25T13:00:58+00:00","twitter_card":"summary_large_image","schema":{"@context":"https:\/\/schema.org","@graph":[{"@type":"WebPage","@id":"https:\/\/varenmetsil.nl\/de\/ihre-buchung-war-erfolgreich\/","url":"https:\/\/varenmetsil.nl\/de\/ihre-buchung-war-erfolgreich\/","name":"Ihre Buchung war erfolgreich! - Varen met Sil","isPartOf":{"@id":"https:\/\/varenmetsil.nl\/de\/#website"},"datePublished":"2022-04-19T14:56:42+00:00","dateModified":"2024-06-25T13:00:58+00:00","breadcrumb":{"@id":"https:\/\/varenmetsil.nl\/de\/ihre-buchung-war-erfolgreich\/#breadcrumb"},"inLanguage":"de","potentialAction":[{"@type":"ReadAction","target":["https:\/\/varenmetsil.nl\/de\/ihre-buchung-war-erfolgreich\/"]}]},{"@type":"BreadcrumbList","@id":"https:\/\/varenmetsil.nl\/de\/ihre-buchung-war-erfolgreich\/#breadcrumb","itemListElement":[{"@type":"ListItem","position":1,"name":"Home","item":"https:\/\/varenmetsil.nl\/de\/"},{"@type":"ListItem","position":2,"name":"Ihre Buchung war erfolgreich!"}]},{"@type":"WebSite","@id":"https:\/\/varenmetsil.nl\/de\/#website","url":"https:\/\/varenmetsil.nl\/de\/","name":"Varen met Sil","description":"Varen met Sil","publisher":{"@id":"https:\/\/varenmetsil.nl\/de\/#organization"},"potentialAction":[{"@type":"SearchAction","target":{"@type":"EntryPoint","urlTemplate":"https:\/\/varenmetsil.nl\/de\/?s={search_term_string}"},"query-input":{"@type":"PropertyValueSpecification","valueRequired":true,"valueName":"search_term_string"}}],"inLanguage":"de"},{"@type":"Organization","@id":"https:\/\/varenmetsil.nl\/de\/#organization","name":"Varen met Sil","url":"https:\/\/varenmetsil.nl\/de\/","logo":{"@type":"ImageObject","inLanguage":"de","@id":"https:\/\/varenmetsil.nl\/de\/#\/schema\/logo\/image\/","url":"https:\/\/varenmetsil.nl\/wp-content\/uploads\/2020\/12\/sil-zonder-tekst.png","contentUrl":"https:\/\/varenmetsil.nl\/wp-content\/uploads\/2020\/12\/sil-zonder-tekst.png","width":1069,"height":1166,"caption":"Varen met Sil"},"image":{"@id":"https:\/\/varenmetsil.nl\/de\/#\/schema\/logo\/image\/"},"sameAs":["https:\/\/www.facebook.com\/varenmetsil","https:\/\/www.instagram.com\/varenmetsil\/"]}]}},"jetpack_sharing_enabled":true,"builder_content":"<h1>Ihre Buchung war erfolgreich!<br\/><\/h1>\n<img src=\"https:\/\/varenmetsil.nl\/wp-content\/uploads\/2020\/11\/701a7c46-0066-4633-a2cc-50ba62e0b0da-768x1024-310x437.jpg\" width=\"310\" height=\"437\" title=\"lobke lauwersmeer\" alt=\"lobke lauwersmeer\">\n<img src=\"https:\/\/varenmetsil.nl\/wp-content\/uploads\/2021\/05\/PHOTO-2021-05-05-21-49-01-310x280.jpg\" width=\"310\" height=\"280\" title=\"Mare in Dokkum\" alt=\"Mare in Dokkum\">\n<img src=\"https:\/\/varenmetsil.nl\/wp-content\/uploads\/2022\/03\/IMG_8436-1024x768-310x280.jpg\" width=\"310\" height=\"280\" title=\"platbodems in de jachthaven\" alt=\"platbodems in de jachthaven\">\n<h2>Ihre Buchung bei Varen met Sil war erfolgreich!<\/h2> <p style=\"text-align: left;\">Wie sch\u00f6n, dass Sie mit einem unserer Boote segeln werden. Sie erhalten schnellstm\u00f6glich eine Buchungsbest\u00e4tigung von uns. Sobald die Anzahlung bei uns eingegangen ist, ist die Buchung definitiv. Die Reservierung ist 7 Tage g\u00fcltig, danach wird die Reservierung automatisch gel\u00f6scht. Die Restzahlung erhalten wir sp\u00e4testens sechs Wochen vor Anreise. Hierzu erhalten Sie von uns eine Nachricht.<\/p>\n<a href=\"https:\/\/varenmetsil.nl\/contact\/\" > Fragen? Kontaktiere uns! <\/a>\n<img src=\"https:\/\/varenmetsil.nl\/wp-content\/uploads\/2020\/12\/sil-zonder-tekst-939x1024-200x218.png\" width=\"200\" height=\"218\" title=\"sil zonder tekst\" alt=\"sil zonder tekst\" srcset=\"https:\/\/varenmetsil.nl\/wp-content\/uploads\/2020\/12\/sil-zonder-tekst-939x1024-200x218.png 200w, https:\/\/varenmetsil.nl\/wp-content\/uploads\/2020\/12\/sil-zonder-tekst-275x300.png 275w, https:\/\/varenmetsil.nl\/wp-content\/uploads\/2020\/12\/sil-zonder-tekst-939x1024.png 939w, https:\/\/varenmetsil.nl\/wp-content\/uploads\/2020\/12\/sil-zonder-tekst-768x838.png 768w, https:\/\/varenmetsil.nl\/wp-content\/uploads\/2020\/12\/sil-zonder-tekst-500x545.png 500w, https:\/\/varenmetsil.nl\/wp-content\/uploads\/2020\/12\/sil-zonder-tekst-939x1024-150x163.png 150w, https:\/\/varenmetsil.nl\/wp-content\/uploads\/2020\/12\/sil-zonder-tekst.png 1069w\" sizes=\"(max-width: 200px) 100vw, 200px\" \/>\n<p>Kontakt<\/p>\n<em><svg aria-hidden=\"true\"><use href=\"#tf-ti-location-pin\"><\/use><\/svg><\/em> Postadres: Brokmui 37 9101EW Dokkum <em><svg aria-hidden=\"true\"><use href=\"#tf-ti-anchor\"><\/use><\/svg><\/em> Haven: Kwelderweg 1 Kollum <em><svg aria-hidden=\"true\"><use href=\"#tf-ti-mobile\"><\/use><\/svg><\/em> +31 6 19 48 00 97\n<p>Volg ons!<\/p>\n<a href=\"https:\/\/www.facebook.com\/Varen-met-Sil-104871501144325\"> <em><svg aria-hidden=\"true\"><use href=\"#tf-ti-facebook\"><\/use><\/svg><\/em> @varenmetsil <\/a> <a href=\"http:\/\/instagram.com\/varenmetsil\" rel=\"noopener\" target=\"_blank\"> <em><svg aria-hidden=\"true\"><use href=\"#tf-ti-instagram\"><\/use><\/svg><\/em> @varenmetsil <\/a>\n","_links":{"self":[{"href":"https:\/\/varenmetsil.nl\/de\/wp-json\/wp\/v2\/pages\/4885","targetHints":{"allow":["GET"]}}],"collection":[{"href":"https:\/\/varenmetsil.nl\/de\/wp-json\/wp\/v2\/pages"}],"about":[{"href":"https:\/\/varenmetsil.nl\/de\/wp-json\/wp\/v2\/types\/page"}],"author":[{"embeddable":true,"href":"https:\/\/varenmetsil.nl\/de\/wp-json\/wp\/v2\/users\/2"}],"replies":[{"embeddable":true,"href":"https:\/\/varenmetsil.nl\/de\/wp-json\/wp\/v2\/comments?post=4885"}],"version-history":[{"count":3,"href":"https:\/\/varenmetsil.nl\/de\/wp-json\/wp\/v2\/pages\/4885\/revisions"}],"predecessor-version":[{"id":4889,"href":"https:\/\/varenmetsil.nl\/de\/wp-json\/wp\/v2\/pages\/4885\/revisions\/4889"}],"wp:attachment":[{"href":"https:\/\/varenmetsil.nl\/de\/wp-json\/wp\/v2\/media?parent=4885"}],"curies":[{"name":"wp","href":"https:\/\/api.w.org\/{rel}","templated":true}]}}