{"id":4800,"date":"2022-02-02T15:00:17","date_gmt":"2022-02-02T14:00:17","guid":{"rendered":"https:\/\/varenmetsil.nl\/schaluppen\/"},"modified":"2023-01-16T19:57:12","modified_gmt":"2023-01-16T18:57:12","slug":"schaluppen","status":"publish","type":"page","link":"https:\/\/varenmetsil.nl\/de\/schaluppen\/","title":{"rendered":"Schaluppen"},"content":{"rendered":"<!--themify_builder_content-->\n<div id=\"themify_builder_content-4800\" data-postid=\"4800\" class=\"themify_builder_content themify_builder_content-4800 themify_builder tf_clear\">\n                    <div  data-lazy=\"1\" class=\"module_row themify_builder_row tb_xs3175 tb_first tf_w\">\n                        <div class=\"row_inner col_align_top tb_col_count_1 tf_box tf_rel\">\n                        <div  data-lazy=\"1\" class=\"module_column tb-column col-full tb_yjmh76 first\">\n                    <!-- module text -->\n<div  class=\"module module-text tb_pzk276   \" data-lazy=\"1\">\n        <div  class=\"tb_text_wrap\">\n        <h1 style=\"text-align: right;\">Mieten Sie eines unserer Boote und fahren Sie zum Lauwersmeer oder in Richtung Dokkum.<\/h1>\n<p style=\"text-align: right;\">Mieten Sie eines unserer Boote und fahren Sie zum Lauwersmeer oder in Richtung Dokkum.<\/p>    <\/div>\n<\/div>\n<!-- \/module text -->        <\/div>\n                        <\/div>\n        <\/div>\n                        <div  data-lazy=\"1\" class=\"module_row themify_builder_row tb_e5xw175 tf_w\">\n                        <div class=\"row_inner col_align_top tb_col_count_1 tf_box tf_rel\">\n                        <div  data-lazy=\"1\" class=\"module_column tb-column col-full tb_o7u4176 first\">\n                    <!-- module text -->\n<div  class=\"module module-text tb_3gjd284   \" data-lazy=\"1\">\n        <div  class=\"tb_text_wrap\">\n        <h2 style=\"text-align: center;\">Schaluppe mieten am Lauwersmeer?<\/h2>\n<p style=\"text-align: center;\">Ein Tag auf dem Wasser darf bei einem Urlaub in der Lauwersmeer-Region nicht fehlen. Vom Yachthafen aus k\u00f6nnen Sie direkt in den <a href=\"https:\/\/www.np-lauwersmeer.nl\/het-lauwersmeer\/\">Nationalpark<\/a> segeln. Bei Bootfahren mit Sil k\u00f6nnen Sie eine luxuri\u00f6se Schaluppe, einen starken Kahn oder ein s\u00fc\u00dfes, kleines Boot f\u00fcr einen Tag mieten. Sie k\u00f6nnen das Boot ab 9 Uhr abholen und bis 19 Uhr zur\u00fcckgeben. Hunde sind erlaubt.<\/p>\n<p style=\"text-align: center;\">Wann mieten Sie eine Schaluppe am Lauwersmeer?<\/p>    <\/div>\n<\/div>\n<!-- \/module text -->        <\/div>\n                        <\/div>\n        <\/div>\n                        <div  data-lazy=\"1\" class=\"module_row themify_builder_row tb_5us71 tf_w\">\n                        <div class=\"row_inner col_align_top tb_col_count_1 tf_box tf_rel\">\n                        <div  data-lazy=\"1\" class=\"module_column tb-column col-full tb_gdew2 first\">\n                    <!-- module plain text -->\n<div  class=\"module module-plain-text tb_5zq3645 \" data-lazy=\"1\">\n        <div class=\"tb_text_wrap\">\n    <script type=\"text\/javascript\" src=\"https:\/\/widget.123boeken.nl\/ycGu2JOE4HZ41pXx7MF278ds5KK7xJl3kKBZ9kND0LCkMN8Scz\/widgets.js\"><\/script><div data-widget=\"123boeken\" data-apikey=\"ycGu2JOE4HZ41pXx7MF278ds5KK7xJl3kKBZ9kND0LCkMN8Scz\"><\/div>    <\/div>\n<\/div>\n<!-- \/module plain text -->        <\/div>\n                        <\/div>\n        <\/div>\n                        <div  data-lazy=\"1\" class=\"module_row themify_builder_row tb_xsd18 tf_w\">\n                        <div class=\"row_inner col_align_top tb_col_count_1 tf_box tf_rel\">\n                        <div  data-lazy=\"1\" class=\"module_column tb-column col-full tb_k0my9 first\">\n                    <!-- module text -->\n<div  class=\"module module-text tb_8ja59   \" data-lazy=\"1\">\n        <div  class=\"tb_text_wrap\">\n        <h3 style=\"text-align: center;\">Bootfahren auf dem Lauwersmeer<\/h3>\n<p style=\"text-align: center;\">Machen Sie eine Tagesbootstour auf dem Lauwersmeer. Wir haben drei Tagesboote: eine luxuri\u00f6se Schaluppe, einen starken Arbeitskahn und eine s\u00fc\u00dfe, kleine Schaluppe. Perfekt f\u00fcr einen Tag auf dem Wasser mit Freunden oder Familie. Bei uns k\u00f6nnen Sie eine Schaluppe mieten am Lauwersmeer.<\/p>\n<p style=\"text-align: center;\">Sie k\u00f6nnen mit unseren Booten \u00fcber das Lauwersmeer fahren, welches fr\u00fcher die Lauwerszee war. Das Lauwersmeer ist ein Nationalpark, in dem viele V\u00f6gel br\u00fcten oder \u00fcberwintern. Sie k\u00f6nnen unbewohnte Inseln erkunden oder nach dem Seeadler Ausschau halten.<\/p>\n<p style=\"text-align: center;\">Wenn Sie ein Boot bei uns mieten, nehmen wir uns die Zeit, Sie einzuweisen. Au\u00dferdem haben wir einige spezielle <a href=\"https:\/\/varenmetsil.nl\/home\/vaarroutes\/\">Bootfahren-mit-Sil-Routen<\/a> f\u00fcr Sie ausgearbeitet Machen Sie einen Tagesausflug nach Dokkum oder fahren Sie durch den Nationalpark Lauwersmeer.<\/p>\n<p style=\"text-align: center;\">M\u00f6chten Sie gerne Kontakt aufnehmen zu Bootfahren mit Sil? Klicken Sie auf unsere <a href=\"https:\/\/varenmetsil.nl\/contact\/\">Kontaktseite<\/a> f\u00fcr unsere Kontaktdaten. Auch k\u00f6nnen Sie jederzeit eine E-Mail schreiben an info@varenmetsil.nl<\/p>    <\/div>\n<\/div>\n<!-- \/module text -->        <\/div>\n                        <\/div>\n        <\/div>\n        <\/div>\n<!--\/themify_builder_content-->","protected":false},"excerpt":{"rendered":"<p>Mieten Sie eines unserer Boote und fahren Sie zum Lauwersmeer oder in Richtung Dokkum. Mieten Sie eines unserer Boote und fahren Sie zum Lauwersmeer oder in Richtung Dokkum.<\/p>\n","protected":false},"author":2,"featured_media":4678,"parent":0,"menu_order":0,"comment_status":"closed","ping_status":"closed","template":"","meta":{"_monsterinsights_skip_tracking":false,"_monsterinsights_sitenote_active":false,"_monsterinsights_sitenote_note":"","_monsterinsights_sitenote_category":0,"footnotes":""},"class_list":["post-4800","page","type-page","status-publish","has-post-thumbnail","hentry","has-post-title","has-post-date","has-post-category","has-post-tag","has-post-comment","has-post-author",""],"acf":[],"yoast_head":"<!-- This site is optimized with the Yoast SEO plugin v25.8 - https:\/\/yoast.com\/wordpress\/plugins\/seo\/ -->\n<title>Schaluppe mieten am Lauwersmeer - Varen met Sil<\/title>\n<meta name=\"description\" content=\"Schaluppe mieten am Lauwersmeer? Wir haben drei Boote, mit denen Sie herrlich frische Luft schnappen k\u00f6nnen. Buchen Sie noch heute online!\" \/>\n<meta name=\"robots\" content=\"index, follow, max-snippet:-1, max-image-preview:large, max-video-preview:-1\" \/>\n<link rel=\"canonical\" href=\"https:\/\/varenmetsil.nl\/de\/schaluppen\/\" \/>\n<meta property=\"og:locale\" content=\"de_DE\" \/>\n<meta property=\"og:type\" content=\"article\" \/>\n<meta property=\"og:title\" content=\"Schaluppe mieten am Lauwersmeer - Varen met Sil\" \/>\n<meta property=\"og:description\" content=\"Schaluppe mieten am Lauwersmeer? Wir haben drei Boote, mit denen Sie herrlich frische Luft schnappen k\u00f6nnen. Buchen Sie noch heute online!\" \/>\n<meta property=\"og:url\" content=\"https:\/\/varenmetsil.nl\/de\/schaluppen\/\" \/>\n<meta property=\"og:site_name\" content=\"Varen met Sil\" \/>\n<meta property=\"article:publisher\" content=\"https:\/\/www.facebook.com\/varenmetsil\" \/>\n<meta property=\"article:modified_time\" content=\"2023-01-16T18:57:12+00:00\" \/>\n<meta property=\"og:image\" content=\"https:\/\/varenmetsil.nl\/wp-content\/uploads\/2022\/08\/Opening-Sud-Ie-web-en-socials-16.jpg\" \/>\n\t<meta property=\"og:image:width\" content=\"1500\" \/>\n\t<meta property=\"og:image:height\" content=\"1000\" \/>\n\t<meta property=\"og:image:type\" content=\"image\/jpeg\" \/>\n<meta name=\"twitter:card\" content=\"summary_large_image\" \/>\n<script type=\"application\/ld+json\" class=\"yoast-schema-graph\">{\"@context\":\"https:\/\/schema.org\",\"@graph\":[{\"@type\":\"WebPage\",\"@id\":\"https:\/\/varenmetsil.nl\/de\/schaluppen\/\",\"url\":\"https:\/\/varenmetsil.nl\/de\/schaluppen\/\",\"name\":\"Schaluppe mieten am Lauwersmeer - Varen met Sil\",\"isPartOf\":{\"@id\":\"https:\/\/varenmetsil.nl\/de\/#website\"},\"primaryImageOfPage\":{\"@id\":\"https:\/\/varenmetsil.nl\/de\/schaluppen\/#primaryimage\"},\"image\":{\"@id\":\"https:\/\/varenmetsil.nl\/de\/schaluppen\/#primaryimage\"},\"thumbnailUrl\":\"https:\/\/varenmetsil.nl\/wp-content\/uploads\/2022\/08\/Opening-Sud-Ie-web-en-socials-16.jpg\",\"datePublished\":\"2022-02-02T14:00:17+00:00\",\"dateModified\":\"2023-01-16T18:57:12+00:00\",\"description\":\"Schaluppe mieten am Lauwersmeer? Wir haben drei Boote, mit denen Sie herrlich frische Luft schnappen k\u00f6nnen. Buchen Sie noch heute online!\",\"breadcrumb\":{\"@id\":\"https:\/\/varenmetsil.nl\/de\/schaluppen\/#breadcrumb\"},\"inLanguage\":\"de\",\"potentialAction\":[{\"@type\":\"ReadAction\",\"target\":[\"https:\/\/varenmetsil.nl\/de\/schaluppen\/\"]}]},{\"@type\":\"ImageObject\",\"inLanguage\":\"de\",\"@id\":\"https:\/\/varenmetsil.nl\/de\/schaluppen\/#primaryimage\",\"url\":\"https:\/\/varenmetsil.nl\/wp-content\/uploads\/2022\/08\/Opening-Sud-Ie-web-en-socials-16.jpg\",\"contentUrl\":\"https:\/\/varenmetsil.nl\/wp-content\/uploads\/2022\/08\/Opening-Sud-Ie-web-en-socials-16.jpg\",\"width\":1500,\"height\":1000},{\"@type\":\"BreadcrumbList\",\"@id\":\"https:\/\/varenmetsil.nl\/de\/schaluppen\/#breadcrumb\",\"itemListElement\":[{\"@type\":\"ListItem\",\"position\":1,\"name\":\"Home\",\"item\":\"https:\/\/varenmetsil.nl\/de\/\"},{\"@type\":\"ListItem\",\"position\":2,\"name\":\"Schaluppen\"}]},{\"@type\":\"WebSite\",\"@id\":\"https:\/\/varenmetsil.nl\/de\/#website\",\"url\":\"https:\/\/varenmetsil.nl\/de\/\",\"name\":\"Varen met Sil\",\"description\":\"Varen met Sil\",\"publisher\":{\"@id\":\"https:\/\/varenmetsil.nl\/de\/#organization\"},\"potentialAction\":[{\"@type\":\"SearchAction\",\"target\":{\"@type\":\"EntryPoint\",\"urlTemplate\":\"https:\/\/varenmetsil.nl\/de\/?s={search_term_string}\"},\"query-input\":{\"@type\":\"PropertyValueSpecification\",\"valueRequired\":true,\"valueName\":\"search_term_string\"}}],\"inLanguage\":\"de\"},{\"@type\":\"Organization\",\"@id\":\"https:\/\/varenmetsil.nl\/de\/#organization\",\"name\":\"Varen met Sil\",\"url\":\"https:\/\/varenmetsil.nl\/de\/\",\"logo\":{\"@type\":\"ImageObject\",\"inLanguage\":\"de\",\"@id\":\"https:\/\/varenmetsil.nl\/de\/#\/schema\/logo\/image\/\",\"url\":\"https:\/\/varenmetsil.nl\/wp-content\/uploads\/2020\/12\/sil-zonder-tekst.png\",\"contentUrl\":\"https:\/\/varenmetsil.nl\/wp-content\/uploads\/2020\/12\/sil-zonder-tekst.png\",\"width\":1069,\"height\":1166,\"caption\":\"Varen met Sil\"},\"image\":{\"@id\":\"https:\/\/varenmetsil.nl\/de\/#\/schema\/logo\/image\/\"},\"sameAs\":[\"https:\/\/www.facebook.com\/varenmetsil\",\"https:\/\/www.instagram.com\/varenmetsil\/\"]}]}<\/script>\n<!-- \/ Yoast SEO plugin. -->","yoast_head_json":{"title":"Schaluppe mieten am Lauwersmeer - Varen met Sil","description":"Schaluppe mieten am Lauwersmeer? Wir haben drei Boote, mit denen Sie herrlich frische Luft schnappen k\u00f6nnen. Buchen Sie noch heute online!","robots":{"index":"index","follow":"follow","max-snippet":"max-snippet:-1","max-image-preview":"max-image-preview:large","max-video-preview":"max-video-preview:-1"},"canonical":"https:\/\/varenmetsil.nl\/de\/schaluppen\/","og_locale":"de_DE","og_type":"article","og_title":"Schaluppe mieten am Lauwersmeer - Varen met Sil","og_description":"Schaluppe mieten am Lauwersmeer? Wir haben drei Boote, mit denen Sie herrlich frische Luft schnappen k\u00f6nnen. Buchen Sie noch heute online!","og_url":"https:\/\/varenmetsil.nl\/de\/schaluppen\/","og_site_name":"Varen met Sil","article_publisher":"https:\/\/www.facebook.com\/varenmetsil","article_modified_time":"2023-01-16T18:57:12+00:00","og_image":[{"width":1500,"height":1000,"url":"https:\/\/varenmetsil.nl\/wp-content\/uploads\/2022\/08\/Opening-Sud-Ie-web-en-socials-16.jpg","type":"image\/jpeg"}],"twitter_card":"summary_large_image","schema":{"@context":"https:\/\/schema.org","@graph":[{"@type":"WebPage","@id":"https:\/\/varenmetsil.nl\/de\/schaluppen\/","url":"https:\/\/varenmetsil.nl\/de\/schaluppen\/","name":"Schaluppe mieten am Lauwersmeer - Varen met Sil","isPartOf":{"@id":"https:\/\/varenmetsil.nl\/de\/#website"},"primaryImageOfPage":{"@id":"https:\/\/varenmetsil.nl\/de\/schaluppen\/#primaryimage"},"image":{"@id":"https:\/\/varenmetsil.nl\/de\/schaluppen\/#primaryimage"},"thumbnailUrl":"https:\/\/varenmetsil.nl\/wp-content\/uploads\/2022\/08\/Opening-Sud-Ie-web-en-socials-16.jpg","datePublished":"2022-02-02T14:00:17+00:00","dateModified":"2023-01-16T18:57:12+00:00","description":"Schaluppe mieten am Lauwersmeer? Wir haben drei Boote, mit denen Sie herrlich frische Luft schnappen k\u00f6nnen. Buchen Sie noch heute online!","breadcrumb":{"@id":"https:\/\/varenmetsil.nl\/de\/schaluppen\/#breadcrumb"},"inLanguage":"de","potentialAction":[{"@type":"ReadAction","target":["https:\/\/varenmetsil.nl\/de\/schaluppen\/"]}]},{"@type":"ImageObject","inLanguage":"de","@id":"https:\/\/varenmetsil.nl\/de\/schaluppen\/#primaryimage","url":"https:\/\/varenmetsil.nl\/wp-content\/uploads\/2022\/08\/Opening-Sud-Ie-web-en-socials-16.jpg","contentUrl":"https:\/\/varenmetsil.nl\/wp-content\/uploads\/2022\/08\/Opening-Sud-Ie-web-en-socials-16.jpg","width":1500,"height":1000},{"@type":"BreadcrumbList","@id":"https:\/\/varenmetsil.nl\/de\/schaluppen\/#breadcrumb","itemListElement":[{"@type":"ListItem","position":1,"name":"Home","item":"https:\/\/varenmetsil.nl\/de\/"},{"@type":"ListItem","position":2,"name":"Schaluppen"}]},{"@type":"WebSite","@id":"https:\/\/varenmetsil.nl\/de\/#website","url":"https:\/\/varenmetsil.nl\/de\/","name":"Varen met Sil","description":"Varen met Sil","publisher":{"@id":"https:\/\/varenmetsil.nl\/de\/#organization"},"potentialAction":[{"@type":"SearchAction","target":{"@type":"EntryPoint","urlTemplate":"https:\/\/varenmetsil.nl\/de\/?s={search_term_string}"},"query-input":{"@type":"PropertyValueSpecification","valueRequired":true,"valueName":"search_term_string"}}],"inLanguage":"de"},{"@type":"Organization","@id":"https:\/\/varenmetsil.nl\/de\/#organization","name":"Varen met Sil","url":"https:\/\/varenmetsil.nl\/de\/","logo":{"@type":"ImageObject","inLanguage":"de","@id":"https:\/\/varenmetsil.nl\/de\/#\/schema\/logo\/image\/","url":"https:\/\/varenmetsil.nl\/wp-content\/uploads\/2020\/12\/sil-zonder-tekst.png","contentUrl":"https:\/\/varenmetsil.nl\/wp-content\/uploads\/2020\/12\/sil-zonder-tekst.png","width":1069,"height":1166,"caption":"Varen met Sil"},"image":{"@id":"https:\/\/varenmetsil.nl\/de\/#\/schema\/logo\/image\/"},"sameAs":["https:\/\/www.facebook.com\/varenmetsil","https:\/\/www.instagram.com\/varenmetsil\/"]}]}},"jetpack_sharing_enabled":true,"builder_content":"<h1 style=\"text-align: right;\">Mieten Sie eines unserer Boote und fahren Sie zum Lauwersmeer oder in Richtung Dokkum.<\/h1> <p style=\"text-align: right;\">Mieten Sie eines unserer Boote und fahren Sie zum Lauwersmeer oder in Richtung Dokkum.<\/p>\n<h2 style=\"text-align: center;\">Schaluppe mieten am Lauwersmeer?<\/h2> <p style=\"text-align: center;\">Ein Tag auf dem Wasser darf bei einem Urlaub in der Lauwersmeer-Region nicht fehlen. Vom Yachthafen aus k\u00f6nnen Sie direkt in den <a href=\"https:\/\/www.np-lauwersmeer.nl\/het-lauwersmeer\/\">Nationalpark<\/a> segeln. Bei Bootfahren mit Sil k\u00f6nnen Sie eine luxuri\u00f6se Schaluppe, einen starken Kahn oder ein s\u00fc\u00dfes, kleines Boot f\u00fcr einen Tag mieten. Sie k\u00f6nnen das Boot ab 9 Uhr abholen und bis 19 Uhr zur\u00fcckgeben. Hunde sind erlaubt.<\/p> <p style=\"text-align: center;\">Wann mieten Sie eine Schaluppe am Lauwersmeer?<\/p>\n\n<h3 style=\"text-align: center;\">Bootfahren auf dem Lauwersmeer<\/h3> <p style=\"text-align: center;\">Machen Sie eine Tagesbootstour auf dem Lauwersmeer. Wir haben drei Tagesboote: eine luxuri\u00f6se Schaluppe, einen starken Arbeitskahn und eine s\u00fc\u00dfe, kleine Schaluppe. Perfekt f\u00fcr einen Tag auf dem Wasser mit Freunden oder Familie. Bei uns k\u00f6nnen Sie eine Schaluppe mieten am Lauwersmeer.<\/p> <p style=\"text-align: center;\">Sie k\u00f6nnen mit unseren Booten \u00fcber das Lauwersmeer fahren, welches fr\u00fcher die Lauwerszee war. Das Lauwersmeer ist ein Nationalpark, in dem viele V\u00f6gel br\u00fcten oder \u00fcberwintern. Sie k\u00f6nnen unbewohnte Inseln erkunden oder nach dem Seeadler Ausschau halten.<\/p> <p style=\"text-align: center;\">Wenn Sie ein Boot bei uns mieten, nehmen wir uns die Zeit, Sie einzuweisen. Au\u00dferdem haben wir einige spezielle <a href=\"https:\/\/varenmetsil.nl\/home\/vaarroutes\/\">Bootfahren-mit-Sil-Routen<\/a> f\u00fcr Sie ausgearbeitet Machen Sie einen Tagesausflug nach Dokkum oder fahren Sie durch den Nationalpark Lauwersmeer.<\/p> <p style=\"text-align: center;\">M\u00f6chten Sie gerne Kontakt aufnehmen zu Bootfahren mit Sil? Klicken Sie auf unsere <a href=\"https:\/\/varenmetsil.nl\/contact\/\">Kontaktseite<\/a> f\u00fcr unsere Kontaktdaten. Auch k\u00f6nnen Sie jederzeit eine E-Mail schreiben an info@varenmetsil.nl<\/p>","_links":{"self":[{"href":"https:\/\/varenmetsil.nl\/de\/wp-json\/wp\/v2\/pages\/4800","targetHints":{"allow":["GET"]}}],"collection":[{"href":"https:\/\/varenmetsil.nl\/de\/wp-json\/wp\/v2\/pages"}],"about":[{"href":"https:\/\/varenmetsil.nl\/de\/wp-json\/wp\/v2\/types\/page"}],"author":[{"embeddable":true,"href":"https:\/\/varenmetsil.nl\/de\/wp-json\/wp\/v2\/users\/2"}],"replies":[{"embeddable":true,"href":"https:\/\/varenmetsil.nl\/de\/wp-json\/wp\/v2\/comments?post=4800"}],"version-history":[{"count":6,"href":"https:\/\/varenmetsil.nl\/de\/wp-json\/wp\/v2\/pages\/4800\/revisions"}],"predecessor-version":[{"id":5187,"href":"https:\/\/varenmetsil.nl\/de\/wp-json\/wp\/v2\/pages\/4800\/revisions\/5187"}],"wp:featuredmedia":[{"embeddable":true,"href":"https:\/\/varenmetsil.nl\/de\/wp-json\/wp\/v2\/media\/4678"}],"wp:attachment":[{"href":"https:\/\/varenmetsil.nl\/de\/wp-json\/wp\/v2\/media?parent=4800"}],"curies":[{"name":"wp","href":"https:\/\/api.w.org\/{rel}","templated":true}]}}