{"id":4797,"date":"2022-02-02T13:58:46","date_gmt":"2022-02-02T12:58:46","guid":{"rendered":"https:\/\/varenmetsil.nl\/plattbodenschiffe\/"},"modified":"2023-01-16T19:55:35","modified_gmt":"2023-01-16T18:55:35","slug":"plattbodenschiffe","status":"publish","type":"page","link":"https:\/\/varenmetsil.nl\/de\/plattbodenschiffe\/","title":{"rendered":"Plattbodenschiffe"},"content":{"rendered":"<!--themify_builder_content-->\n<div id=\"themify_builder_content-4797\" data-postid=\"4797\" class=\"themify_builder_content themify_builder_content-4797 themify_builder tf_clear\">\n                    <div  data-lazy=\"1\" class=\"module_row themify_builder_row tb_xs3175 tb_first tf_w\">\n                        <div class=\"row_inner col_align_top tb_col_count_1 tf_box tf_rel\">\n                        <div  data-lazy=\"1\" class=\"module_column tb-column col-full tb_yjmh76 first\">\n                    <!-- module text -->\n<div  class=\"module module-text tb_pzk276   \" data-lazy=\"1\">\n        <div  class=\"tb_text_wrap\">\n        <h1 style=\"text-align: left;\">Plattbodenschiff mieten und fahren auf dem Wattenmeer?<\/h1>\n<p style=\"text-align: left;\">Bei uns k\u00f6nnen Sie ein Plattbodenschiff mieten am Wattenmeer. Innerhalb von anderthalb Stunden sind Sie auf dem Wattenmeer.<\/p>    <\/div>\n<\/div>\n<!-- \/module text --><!-- module buttons -->\n<div  class=\"module module-buttons tb_lwn276 buttons-horizontal solid  xlarge circle\" data-lazy=\"1\">\n        <div class=\"module-buttons-item tf_in_flx\">\n                        <a href=\"https:\/\/varenmetsil.nl\/motorboten\/\" class=\"ui builder_button tf_in_flx tb_default_color\" >\n                                                Sehen Sie auch unsere Motorboote!                                        <\/a>\n                <\/div>\n            <\/div>\n<!-- \/module buttons -->\n        <\/div>\n                        <\/div>\n        <\/div>\n                        <div  data-lazy=\"1\" class=\"module_row themify_builder_row tb_e5xw175 tf_w\">\n                        <div class=\"row_inner col_align_top tb_col_count_1 tf_box tf_rel\">\n                        <div  data-lazy=\"1\" class=\"module_column tb-column col-full tb_o7u4176 first\">\n                    <!-- module text -->\n<div  class=\"module module-text tb_3gjd284   \" data-lazy=\"1\">\n        <div  class=\"tb_text_wrap\">\n        <h2 style=\"text-align: center;\">Plattbodenschiff mieten am Wattenmeer?<\/h2>\n<p style=\"text-align: center;\">M\u00f6chten Sie auf dem Wattenmeer segeln und trockenfallen? Bootfahren mit Sil vermietet momentan zwei Lemsteraaken, zwei Zeeschouwen, und eine Grundel. Die Boote haben mindestens zwei feste Schlafpl\u00e4tze und sind komplett ausgestattet Hunde sind auf den Booten gegen eine zus\u00e4tzliche Geb\u00fchr erlaubt. Achten Sie darauf Sie brauchen Erfahrung, um einen Plattbodenschiff zu mieten!<\/p>    <\/div>\n<\/div>\n<!-- \/module text -->        <\/div>\n                        <\/div>\n        <\/div>\n                        <div  data-lazy=\"1\" class=\"module_row themify_builder_row tb_5us71 tf_w\">\n                        <div class=\"row_inner col_align_top tb_col_count_1 tf_box tf_rel\">\n                        <div  data-lazy=\"1\" class=\"module_column tb-column col-full tb_gdew2 first\">\n                    <!-- module plain text -->\n<div  class=\"module module-plain-text tb_5zq3645 \" data-lazy=\"1\">\n        <div class=\"tb_text_wrap\">\n    <script type=\"text\/javascript\" src=\"https:\/\/widget.123boeken.nl\/324BYEL29BbgVwk02M1quN6964Kk3H7hg2QR1kC80PqfU41ZmU\/widgets.js\"><\/script><div data-widget=\"123boeken\" data-apikey=\"324BYEL29BbgVwk02M1quN6964Kk3H7hg2QR1kC80PqfU41ZmU\"><\/div>    <\/div>\n<\/div>\n<!-- \/module plain text -->        <\/div>\n                        <\/div>\n        <\/div>\n                        <div  data-lazy=\"1\" class=\"module_row themify_builder_row tb_xsd18 tf_w\">\n                        <div class=\"row_inner col_align_top tb_col_count_1 tf_box tf_rel\">\n                        <div  data-lazy=\"1\" class=\"module_column tb-column col-full tb_k0my9 first\">\n                    <!-- module text -->\n<div  class=\"module module-text tb_8ja59   \" data-lazy=\"1\">\n        <div  class=\"tb_text_wrap\">\n        <h2 style=\"text-align: center;\">Bootfahren mit einem Plattbodenschiff<\/h2>\n<p style=\"font-weight: 400; text-align: center;\">Wollten Sie schon immer mal mit einem Plattbodenschiff fahren? Bei Bootfahren mit Sil k\u00f6nnen Sie ein Plattbodenschiff mieten und innerhalb von anderthalb Stunden auf das Wattenmeer hinausfahren. Bei uns ist f\u00fcr jeden etwas dabei. W\u00e4hlen Sie aus einer Zeeschouw, Grundel oder Lemsteraak f\u00fcr Ihren Bootsurlaub.<\/p>\n<h3 style=\"text-align: center;\">Plattbodenschiff mieten am Wattenmeer<\/h3>\n<p style=\"font-weight: 400; text-align: center;\">Vom <a href=\"https:\/\/www.lunegat.nl\/\">Abfahrtshafen Lunegat<\/a> in Dokkumer Nieuwe Zijlen aus k\u00f6nnen Sie sich auf dem Lauwersmeer zun\u00e4chst an Ihr Boot gew\u00f6hnen. . Dann fahren Sie durch die Schleuse von Lauwersoog und das Watt liegt offen vor Ihnen. Innerhalb von nur anderthalb Stunden segeln Sie voller Selbstvertrauen auf dem pr\u00e4chtigen Wattenmeer.<\/p>\n<p style=\"font-weight: 400; text-align: center;\">Von hier aus k\u00f6nnen Sie zum Yachthafen von Schiermonnikoog fahren. Sie k\u00f6nnen trockenfallen auf der Engelsmanplaat und Robben beobachten auf der Kuipersplaat. Sollten Sie etwas l\u00e4nger unterwegs sein, k\u00f6nnen Sie Inselhopping betreiben. Segeln Sie \u00fcber das Wattenhoch nach Ameland, Terschelling und Vlieland. Wenn der Wind ung\u00fcnstig steht, k\u00f6nnen Sie auch in die andere Richtung fahren. Segeln Sie entlang des Deichs nach Noordpolderzijl, dem kleinsten Gezeitenhafen der Niederlande, und fallen Sie unterhalb der Ostspitze von Schiermonnikoog trocken.<\/p>\n<h3 style=\"text-align: center;\">Plattbodenschiff mieten ohne Schiffer<\/h3>\n<p style=\"font-weight: 400; text-align: center;\">Bei uns k\u00f6nnen Sie ein Plattbodenschiff ohne Schiffer mieten. F\u00fcr die Miete eines Plattbodenschiffs ist allerdings ein wenig Segelerfahrung erforderlich. Sollten Sie bereits Erfahrung haben, aber einen Auffrischkurs ben\u00f6tigen, ist dies auch m\u00f6glich. Das Team von Bootfahren mit Sil gibt Ihnen vor Abfahrt gerne einige Erkl\u00e4rungen und Tipps zum Boot und zum Gebiet.<\/p>\n<h3 style=\"text-align: center;\">Plattbodenschiff mieten Lauwersmeer<\/h3>\n<p style=\"font-weight: 400; text-align: center;\">Wir vermieten Plattbodenschiffe am Lauwersmeer. Der Yachthafen Lunegat liegt am Fu\u00dfe des Lauwersmeer. Von hier aus k\u00f6nnen Sie leicht das Wattenmeer erreichen oder \u00fcber das Dokkumer Diep nach Dokkum fahren. Das Lauwersmeer ist auch ein gro\u00dfartiger Ort zum Segeln mit einem Plattbodenschiff.<\/p>\n<h3 style=\"text-align: center;\">\u00dcber Bootfahren mit Sil<\/h3>\n<p style=\"font-weight: 400; text-align: center;\">Bootfahren mit Sil ist ein junges und wachsendes Unternehmen. Wir haben in 2020 mit der Vermietung von Lobke angefangen und inzwischen ist unsere Flotte auf 13 Boote angewachsen. Das Team von Bootfahren mit Sil besteht aus Sil, Silke, Gerrit, Jesse und Nikki. Gemeinsam sind sie den ganzen Sommer \u00fcber im Hafen anzutreffen. Sil ist der kreative und unternehmerische Kopf, Silke k\u00fcmmert sich um die Planung und Organisation und Gerrit und Jesse um den Verleih und die Technik. Nikki ist verantwortlich f\u00fcr soziale Medien sowie die Brunch-K\u00f6rbe und Fr\u00fchst\u00fccke von <a href=\"http:\/\/www.picknikki.nl\/\">Picknikki<\/a>.<\/p>\n<h3 style=\"text-align: center;\">Kontaktieren Sie Bootfahren mit Sil<\/h3>\n<p style=\"font-weight: 400; text-align: center;\">Haben wir Ihr Interesse an einer Plattbodenschiffmiete in Friesland geweckt? Gerne geben wir Ihnen noch weitere Informationen. Klicken Sie auf unsere <a href=\"https:\/\/varenmetsil.nl\/contact\/\">Kontaktseite<\/a> f\u00fcr unsere Kontaktdaten. Auch k\u00f6nnen Sie jederzeit eine E-Mail schreiben an info@varenmetsil.nl<\/p>\n<p style=\"text-align: center;\">\u00a0<\/p>    <\/div>\n<\/div>\n<!-- \/module text -->        <\/div>\n                        <\/div>\n        <\/div>\n        <\/div>\n<!--\/themify_builder_content-->","protected":false},"excerpt":{"rendered":"<p>Plattbodenschiff mieten und fahren auf dem Wattenmeer? Bei uns k\u00f6nnen Sie ein Plattbodenschiff mieten am Wattenmeer. Innerhalb von anderthalb Stunden sind Sie auf dem Wattenmeer.<\/p>\n","protected":false},"author":2,"featured_media":4689,"parent":0,"menu_order":0,"comment_status":"closed","ping_status":"closed","template":"","meta":{"_monsterinsights_skip_tracking":false,"_monsterinsights_sitenote_active":false,"_monsterinsights_sitenote_note":"","_monsterinsights_sitenote_category":0,"footnotes":""},"class_list":["post-4797","page","type-page","status-publish","has-post-thumbnail","hentry","has-post-title","has-post-date","has-post-category","has-post-tag","has-post-comment","has-post-author",""],"acf":[],"yoast_head":"<!-- This site is optimized with the Yoast SEO plugin v25.8 - https:\/\/yoast.com\/wordpress\/plugins\/seo\/ -->\n<title>Plattbodenschiff mieten am Wattenmeer? \u2013 Bootfahren mit Sil<\/title>\n<meta name=\"description\" content=\"Plattbodenschiff mieten am Wattenmeer? Mit unseren Plattbodenschiffen sind Sie innerhalb von anderthalb Stunden auf dem Wattenmeer!\" \/>\n<meta name=\"robots\" content=\"index, follow, max-snippet:-1, max-image-preview:large, max-video-preview:-1\" \/>\n<link rel=\"canonical\" href=\"https:\/\/varenmetsil.nl\/de\/plattbodenschiffe\/\" \/>\n<meta property=\"og:locale\" content=\"de_DE\" \/>\n<meta property=\"og:type\" content=\"article\" \/>\n<meta property=\"og:title\" content=\"Plattbodenschiff mieten am Wattenmeer? \u2013 Bootfahren mit Sil\" \/>\n<meta property=\"og:description\" content=\"Plattbodenschiff mieten am Wattenmeer? Mit unseren Plattbodenschiffen sind Sie innerhalb von anderthalb Stunden auf dem Wattenmeer!\" \/>\n<meta property=\"og:url\" content=\"https:\/\/varenmetsil.nl\/de\/plattbodenschiffe\/\" \/>\n<meta property=\"og:site_name\" content=\"Varen met Sil\" \/>\n<meta property=\"article:publisher\" content=\"https:\/\/www.facebook.com\/varenmetsil\" \/>\n<meta property=\"article:modified_time\" content=\"2023-01-16T18:55:35+00:00\" \/>\n<meta property=\"og:image\" content=\"https:\/\/varenmetsil.nl\/wp-content\/uploads\/2022\/10\/aak-huren-waddenzee-mossel.jpeg\" \/>\n\t<meta property=\"og:image:width\" content=\"700\" \/>\n\t<meta property=\"og:image:height\" content=\"525\" \/>\n\t<meta property=\"og:image:type\" content=\"image\/jpeg\" \/>\n<meta name=\"twitter:card\" content=\"summary_large_image\" \/>\n<script type=\"application\/ld+json\" class=\"yoast-schema-graph\">{\"@context\":\"https:\/\/schema.org\",\"@graph\":[{\"@type\":\"WebPage\",\"@id\":\"https:\/\/varenmetsil.nl\/de\/plattbodenschiffe\/\",\"url\":\"https:\/\/varenmetsil.nl\/de\/plattbodenschiffe\/\",\"name\":\"Plattbodenschiff mieten am Wattenmeer? \u2013 Bootfahren mit Sil\",\"isPartOf\":{\"@id\":\"https:\/\/varenmetsil.nl\/de\/#website\"},\"primaryImageOfPage\":{\"@id\":\"https:\/\/varenmetsil.nl\/de\/plattbodenschiffe\/#primaryimage\"},\"image\":{\"@id\":\"https:\/\/varenmetsil.nl\/de\/plattbodenschiffe\/#primaryimage\"},\"thumbnailUrl\":\"https:\/\/varenmetsil.nl\/wp-content\/uploads\/2022\/10\/aak-huren-waddenzee-mossel.jpeg\",\"datePublished\":\"2022-02-02T12:58:46+00:00\",\"dateModified\":\"2023-01-16T18:55:35+00:00\",\"description\":\"Plattbodenschiff mieten am Wattenmeer? Mit unseren Plattbodenschiffen sind Sie innerhalb von anderthalb Stunden auf dem Wattenmeer!\",\"breadcrumb\":{\"@id\":\"https:\/\/varenmetsil.nl\/de\/plattbodenschiffe\/#breadcrumb\"},\"inLanguage\":\"de\",\"potentialAction\":[{\"@type\":\"ReadAction\",\"target\":[\"https:\/\/varenmetsil.nl\/de\/plattbodenschiffe\/\"]}]},{\"@type\":\"ImageObject\",\"inLanguage\":\"de\",\"@id\":\"https:\/\/varenmetsil.nl\/de\/plattbodenschiffe\/#primaryimage\",\"url\":\"https:\/\/varenmetsil.nl\/wp-content\/uploads\/2022\/10\/aak-huren-waddenzee-mossel.jpeg\",\"contentUrl\":\"https:\/\/varenmetsil.nl\/wp-content\/uploads\/2022\/10\/aak-huren-waddenzee-mossel.jpeg\",\"width\":700,\"height\":525,\"caption\":\"Huur een Lemsteraak en kom zeilen op de Waddenzee\"},{\"@type\":\"BreadcrumbList\",\"@id\":\"https:\/\/varenmetsil.nl\/de\/plattbodenschiffe\/#breadcrumb\",\"itemListElement\":[{\"@type\":\"ListItem\",\"position\":1,\"name\":\"Home\",\"item\":\"https:\/\/varenmetsil.nl\/de\/\"},{\"@type\":\"ListItem\",\"position\":2,\"name\":\"Plattbodenschiffe\"}]},{\"@type\":\"WebSite\",\"@id\":\"https:\/\/varenmetsil.nl\/de\/#website\",\"url\":\"https:\/\/varenmetsil.nl\/de\/\",\"name\":\"Varen met Sil\",\"description\":\"Varen met Sil\",\"publisher\":{\"@id\":\"https:\/\/varenmetsil.nl\/de\/#organization\"},\"potentialAction\":[{\"@type\":\"SearchAction\",\"target\":{\"@type\":\"EntryPoint\",\"urlTemplate\":\"https:\/\/varenmetsil.nl\/de\/?s={search_term_string}\"},\"query-input\":{\"@type\":\"PropertyValueSpecification\",\"valueRequired\":true,\"valueName\":\"search_term_string\"}}],\"inLanguage\":\"de\"},{\"@type\":\"Organization\",\"@id\":\"https:\/\/varenmetsil.nl\/de\/#organization\",\"name\":\"Varen met Sil\",\"url\":\"https:\/\/varenmetsil.nl\/de\/\",\"logo\":{\"@type\":\"ImageObject\",\"inLanguage\":\"de\",\"@id\":\"https:\/\/varenmetsil.nl\/de\/#\/schema\/logo\/image\/\",\"url\":\"https:\/\/varenmetsil.nl\/wp-content\/uploads\/2020\/12\/sil-zonder-tekst.png\",\"contentUrl\":\"https:\/\/varenmetsil.nl\/wp-content\/uploads\/2020\/12\/sil-zonder-tekst.png\",\"width\":1069,\"height\":1166,\"caption\":\"Varen met Sil\"},\"image\":{\"@id\":\"https:\/\/varenmetsil.nl\/de\/#\/schema\/logo\/image\/\"},\"sameAs\":[\"https:\/\/www.facebook.com\/varenmetsil\",\"https:\/\/www.instagram.com\/varenmetsil\/\"]}]}<\/script>\n<!-- \/ Yoast SEO plugin. -->","yoast_head_json":{"title":"Plattbodenschiff mieten am Wattenmeer? \u2013 Bootfahren mit Sil","description":"Plattbodenschiff mieten am Wattenmeer? Mit unseren Plattbodenschiffen sind Sie innerhalb von anderthalb Stunden auf dem Wattenmeer!","robots":{"index":"index","follow":"follow","max-snippet":"max-snippet:-1","max-image-preview":"max-image-preview:large","max-video-preview":"max-video-preview:-1"},"canonical":"https:\/\/varenmetsil.nl\/de\/plattbodenschiffe\/","og_locale":"de_DE","og_type":"article","og_title":"Plattbodenschiff mieten am Wattenmeer? \u2013 Bootfahren mit Sil","og_description":"Plattbodenschiff mieten am Wattenmeer? Mit unseren Plattbodenschiffen sind Sie innerhalb von anderthalb Stunden auf dem Wattenmeer!","og_url":"https:\/\/varenmetsil.nl\/de\/plattbodenschiffe\/","og_site_name":"Varen met Sil","article_publisher":"https:\/\/www.facebook.com\/varenmetsil","article_modified_time":"2023-01-16T18:55:35+00:00","og_image":[{"width":700,"height":525,"url":"https:\/\/varenmetsil.nl\/wp-content\/uploads\/2022\/10\/aak-huren-waddenzee-mossel.jpeg","type":"image\/jpeg"}],"twitter_card":"summary_large_image","schema":{"@context":"https:\/\/schema.org","@graph":[{"@type":"WebPage","@id":"https:\/\/varenmetsil.nl\/de\/plattbodenschiffe\/","url":"https:\/\/varenmetsil.nl\/de\/plattbodenschiffe\/","name":"Plattbodenschiff mieten am Wattenmeer? \u2013 Bootfahren mit Sil","isPartOf":{"@id":"https:\/\/varenmetsil.nl\/de\/#website"},"primaryImageOfPage":{"@id":"https:\/\/varenmetsil.nl\/de\/plattbodenschiffe\/#primaryimage"},"image":{"@id":"https:\/\/varenmetsil.nl\/de\/plattbodenschiffe\/#primaryimage"},"thumbnailUrl":"https:\/\/varenmetsil.nl\/wp-content\/uploads\/2022\/10\/aak-huren-waddenzee-mossel.jpeg","datePublished":"2022-02-02T12:58:46+00:00","dateModified":"2023-01-16T18:55:35+00:00","description":"Plattbodenschiff mieten am Wattenmeer? Mit unseren Plattbodenschiffen sind Sie innerhalb von anderthalb Stunden auf dem Wattenmeer!","breadcrumb":{"@id":"https:\/\/varenmetsil.nl\/de\/plattbodenschiffe\/#breadcrumb"},"inLanguage":"de","potentialAction":[{"@type":"ReadAction","target":["https:\/\/varenmetsil.nl\/de\/plattbodenschiffe\/"]}]},{"@type":"ImageObject","inLanguage":"de","@id":"https:\/\/varenmetsil.nl\/de\/plattbodenschiffe\/#primaryimage","url":"https:\/\/varenmetsil.nl\/wp-content\/uploads\/2022\/10\/aak-huren-waddenzee-mossel.jpeg","contentUrl":"https:\/\/varenmetsil.nl\/wp-content\/uploads\/2022\/10\/aak-huren-waddenzee-mossel.jpeg","width":700,"height":525,"caption":"Huur een Lemsteraak en kom zeilen op de Waddenzee"},{"@type":"BreadcrumbList","@id":"https:\/\/varenmetsil.nl\/de\/plattbodenschiffe\/#breadcrumb","itemListElement":[{"@type":"ListItem","position":1,"name":"Home","item":"https:\/\/varenmetsil.nl\/de\/"},{"@type":"ListItem","position":2,"name":"Plattbodenschiffe"}]},{"@type":"WebSite","@id":"https:\/\/varenmetsil.nl\/de\/#website","url":"https:\/\/varenmetsil.nl\/de\/","name":"Varen met Sil","description":"Varen met Sil","publisher":{"@id":"https:\/\/varenmetsil.nl\/de\/#organization"},"potentialAction":[{"@type":"SearchAction","target":{"@type":"EntryPoint","urlTemplate":"https:\/\/varenmetsil.nl\/de\/?s={search_term_string}"},"query-input":{"@type":"PropertyValueSpecification","valueRequired":true,"valueName":"search_term_string"}}],"inLanguage":"de"},{"@type":"Organization","@id":"https:\/\/varenmetsil.nl\/de\/#organization","name":"Varen met Sil","url":"https:\/\/varenmetsil.nl\/de\/","logo":{"@type":"ImageObject","inLanguage":"de","@id":"https:\/\/varenmetsil.nl\/de\/#\/schema\/logo\/image\/","url":"https:\/\/varenmetsil.nl\/wp-content\/uploads\/2020\/12\/sil-zonder-tekst.png","contentUrl":"https:\/\/varenmetsil.nl\/wp-content\/uploads\/2020\/12\/sil-zonder-tekst.png","width":1069,"height":1166,"caption":"Varen met Sil"},"image":{"@id":"https:\/\/varenmetsil.nl\/de\/#\/schema\/logo\/image\/"},"sameAs":["https:\/\/www.facebook.com\/varenmetsil","https:\/\/www.instagram.com\/varenmetsil\/"]}]}},"jetpack_sharing_enabled":true,"builder_content":"<h1 style=\"text-align: left;\">Plattbodenschiff mieten und fahren auf dem Wattenmeer?<\/h1> <p style=\"text-align: left;\">Bei uns k\u00f6nnen Sie ein Plattbodenschiff mieten am Wattenmeer. Innerhalb von anderthalb Stunden sind Sie auf dem Wattenmeer.<\/p>\n<a href=\"https:\/\/varenmetsil.nl\/motorboten\/\" > Sehen Sie auch unsere Motorboote! <\/a>\n<h2 style=\"text-align: center;\">Plattbodenschiff mieten am Wattenmeer?<\/h2> <p style=\"text-align: center;\">M\u00f6chten Sie auf dem Wattenmeer segeln und trockenfallen? Bootfahren mit Sil vermietet momentan zwei Lemsteraaken, zwei Zeeschouwen, und eine Grundel. Die Boote haben mindestens zwei feste Schlafpl\u00e4tze und sind komplett ausgestattet Hunde sind auf den Booten gegen eine zus\u00e4tzliche Geb\u00fchr erlaubt. Achten Sie darauf Sie brauchen Erfahrung, um einen Plattbodenschiff zu mieten!<\/p>\n\n<h2 style=\"text-align: center;\">Bootfahren mit einem Plattbodenschiff<\/h2> <p style=\"font-weight: 400; text-align: center;\">Wollten Sie schon immer mal mit einem Plattbodenschiff fahren? Bei Bootfahren mit Sil k\u00f6nnen Sie ein Plattbodenschiff mieten und innerhalb von anderthalb Stunden auf das Wattenmeer hinausfahren. Bei uns ist f\u00fcr jeden etwas dabei. W\u00e4hlen Sie aus einer Zeeschouw, Grundel oder Lemsteraak f\u00fcr Ihren Bootsurlaub.<\/p> <h3 style=\"text-align: center;\">Plattbodenschiff mieten am Wattenmeer<\/h3> <p style=\"font-weight: 400; text-align: center;\">Vom <a href=\"https:\/\/www.lunegat.nl\/\">Abfahrtshafen Lunegat<\/a> in Dokkumer Nieuwe Zijlen aus k\u00f6nnen Sie sich auf dem Lauwersmeer zun\u00e4chst an Ihr Boot gew\u00f6hnen. . Dann fahren Sie durch die Schleuse von Lauwersoog und das Watt liegt offen vor Ihnen. Innerhalb von nur anderthalb Stunden segeln Sie voller Selbstvertrauen auf dem pr\u00e4chtigen Wattenmeer.<\/p> <p style=\"font-weight: 400; text-align: center;\">Von hier aus k\u00f6nnen Sie zum Yachthafen von Schiermonnikoog fahren. Sie k\u00f6nnen trockenfallen auf der Engelsmanplaat und Robben beobachten auf der Kuipersplaat. Sollten Sie etwas l\u00e4nger unterwegs sein, k\u00f6nnen Sie Inselhopping betreiben. Segeln Sie \u00fcber das Wattenhoch nach Ameland, Terschelling und Vlieland. Wenn der Wind ung\u00fcnstig steht, k\u00f6nnen Sie auch in die andere Richtung fahren. Segeln Sie entlang des Deichs nach Noordpolderzijl, dem kleinsten Gezeitenhafen der Niederlande, und fallen Sie unterhalb der Ostspitze von Schiermonnikoog trocken.<\/p> <h3 style=\"text-align: center;\">Plattbodenschiff mieten ohne Schiffer<\/h3> <p style=\"font-weight: 400; text-align: center;\">Bei uns k\u00f6nnen Sie ein Plattbodenschiff ohne Schiffer mieten. F\u00fcr die Miete eines Plattbodenschiffs ist allerdings ein wenig Segelerfahrung erforderlich. Sollten Sie bereits Erfahrung haben, aber einen Auffrischkurs ben\u00f6tigen, ist dies auch m\u00f6glich. Das Team von Bootfahren mit Sil gibt Ihnen vor Abfahrt gerne einige Erkl\u00e4rungen und Tipps zum Boot und zum Gebiet.<\/p> <h3 style=\"text-align: center;\">Plattbodenschiff mieten Lauwersmeer<\/h3> <p style=\"font-weight: 400; text-align: center;\">Wir vermieten Plattbodenschiffe am Lauwersmeer. Der Yachthafen Lunegat liegt am Fu\u00dfe des Lauwersmeer. Von hier aus k\u00f6nnen Sie leicht das Wattenmeer erreichen oder \u00fcber das Dokkumer Diep nach Dokkum fahren. Das Lauwersmeer ist auch ein gro\u00dfartiger Ort zum Segeln mit einem Plattbodenschiff.<\/p> <h3 style=\"text-align: center;\">\u00dcber Bootfahren mit Sil<\/h3> <p style=\"font-weight: 400; text-align: center;\">Bootfahren mit Sil ist ein junges und wachsendes Unternehmen. Wir haben in 2020 mit der Vermietung von Lobke angefangen und inzwischen ist unsere Flotte auf 13 Boote angewachsen. Das Team von Bootfahren mit Sil besteht aus Sil, Silke, Gerrit, Jesse und Nikki. Gemeinsam sind sie den ganzen Sommer \u00fcber im Hafen anzutreffen. Sil ist der kreative und unternehmerische Kopf, Silke k\u00fcmmert sich um die Planung und Organisation und Gerrit und Jesse um den Verleih und die Technik. Nikki ist verantwortlich f\u00fcr soziale Medien sowie die Brunch-K\u00f6rbe und Fr\u00fchst\u00fccke von <a href=\"http:\/\/www.picknikki.nl\/\">Picknikki<\/a>.<\/p> <h3 style=\"text-align: center;\">Kontaktieren Sie Bootfahren mit Sil<\/h3> <p style=\"font-weight: 400; text-align: center;\">Haben wir Ihr Interesse an einer Plattbodenschiffmiete in Friesland geweckt? Gerne geben wir Ihnen noch weitere Informationen. Klicken Sie auf unsere <a href=\"https:\/\/varenmetsil.nl\/contact\/\">Kontaktseite<\/a> f\u00fcr unsere Kontaktdaten. Auch k\u00f6nnen Sie jederzeit eine E-Mail schreiben an info@varenmetsil.nl<\/p> <p style=\"text-align: center;\">\u00a0<\/p>","_links":{"self":[{"href":"https:\/\/varenmetsil.nl\/de\/wp-json\/wp\/v2\/pages\/4797","targetHints":{"allow":["GET"]}}],"collection":[{"href":"https:\/\/varenmetsil.nl\/de\/wp-json\/wp\/v2\/pages"}],"about":[{"href":"https:\/\/varenmetsil.nl\/de\/wp-json\/wp\/v2\/types\/page"}],"author":[{"embeddable":true,"href":"https:\/\/varenmetsil.nl\/de\/wp-json\/wp\/v2\/users\/2"}],"replies":[{"embeddable":true,"href":"https:\/\/varenmetsil.nl\/de\/wp-json\/wp\/v2\/comments?post=4797"}],"version-history":[{"count":5,"href":"https:\/\/varenmetsil.nl\/de\/wp-json\/wp\/v2\/pages\/4797\/revisions"}],"predecessor-version":[{"id":5185,"href":"https:\/\/varenmetsil.nl\/de\/wp-json\/wp\/v2\/pages\/4797\/revisions\/5185"}],"wp:featuredmedia":[{"embeddable":true,"href":"https:\/\/varenmetsil.nl\/de\/wp-json\/wp\/v2\/media\/4689"}],"wp:attachment":[{"href":"https:\/\/varenmetsil.nl\/de\/wp-json\/wp\/v2\/media?parent=4797"}],"curies":[{"name":"wp","href":"https:\/\/api.w.org\/{rel}","templated":true}]}}