{"id":4782,"date":"2020-11-14T21:56:27","date_gmt":"2020-11-14T20:56:27","guid":{"rendered":"https:\/\/varenmetsil.nl\/motorboote\/"},"modified":"2023-01-16T19:53:16","modified_gmt":"2023-01-16T18:53:16","slug":"motorboote","status":"publish","type":"page","link":"https:\/\/varenmetsil.nl\/de\/motorboote\/","title":{"rendered":"Motorboote"},"content":{"rendered":"<!--themify_builder_content-->\n<div id=\"themify_builder_content-4782\" data-postid=\"4782\" class=\"themify_builder_content themify_builder_content-4782 themify_builder tf_clear\">\n                    <div  data-lazy=\"1\" class=\"module_row themify_builder_row tb_xs3175 tb_first tf_w\">\n                        <div class=\"row_inner col_align_top tb_col_count_1 tf_box tf_rel\">\n                        <div  data-lazy=\"1\" class=\"module_column tb-column col-full tb_yjmh76 first\">\n                    <!-- module text -->\n<div  class=\"module module-text tb_pzk276   \" data-lazy=\"1\">\n        <div  class=\"tb_text_wrap\">\n        <h1 style=\"text-align: right;\">Motorboot mieten in Friesland?<\/h1>\n<p style=\"text-align: right;\">Bei uns k\u00f6nnen Sie klassische Motorboote f\u00fcr Ihren Bootsurlaub mieten!<\/p>    <\/div>\n<\/div>\n<!-- \/module text --><!-- module buttons -->\n<div  class=\"module module-buttons tb_lwn276 buttons-horizontal solid  xlarge circle\" data-lazy=\"1\">\n        <div class=\"module-buttons-item tf_in_flx\">\n                        <a href=\"https:\/\/varenmetsil.nl\/dagjesboten\" class=\"ui builder_button tf_in_flx tb_default_color\" >\n                                                Sehen Sie sich auch unsere Tagesboote an!                                        <\/a>\n                <\/div>\n            <\/div>\n<!-- \/module buttons -->\n        <\/div>\n                        <\/div>\n        <\/div>\n                        <div  data-lazy=\"1\" class=\"module_row themify_builder_row tb_e5xw175 tf_w\">\n                        <div class=\"row_inner col_align_top tb_col_count_1 tf_box tf_rel\">\n                        <div  data-lazy=\"1\" class=\"module_column tb-column col-full tb_o7u4176 first\">\n                    <!-- module text -->\n<div  class=\"module module-text tb_3gjd284   \" data-lazy=\"1\">\n        <div  class=\"tb_text_wrap\">\n        <h2 style=\"text-align: center;\">Klassisches Boot mieten in Friesland?<\/h2>\n<p style=\"text-align: center;\">Hier finden Sie alle unsere charakteristischen Boote. Wir haben f\u00fcnf Motorboote, vier Segelboote und drei Tagesboote. Die Urlaubsboote haben mindestens zwei feste Schlafpl\u00e4tze und sind komplett ausgestattet. Au\u00dferdem k\u00f6nnen Sie ein kleines Zelt mitbringen und dieses neben dem Boot aufstellen. Gegen einen Aufpreis sind Hunde an Bord erlaubt. Sie brauchen keinen Bootsf\u00fchrerschein!<\/p>    <\/div>\n<\/div>\n<!-- \/module text -->        <\/div>\n                        <\/div>\n        <\/div>\n                        <div  data-lazy=\"1\" class=\"module_row themify_builder_row tb_5us71 tf_w\">\n                        <div class=\"row_inner col_align_top tb_col_count_1 tf_box tf_rel\">\n                        <div  data-lazy=\"1\" class=\"module_column tb-column col-full tb_gdew2 first\">\n                    <!-- module plain text -->\n<div  class=\"module module-plain-text tb_5zq3645 \" data-lazy=\"1\">\n        <div class=\"tb_text_wrap\">\n    <script type=\"text\/javascript\" src=\"https:\/\/widget.123boeken.nl\/1596734iCeQK2dAMvAI13Piq940416yjIBh47Mql6r3981P4l6\/widgets.js\"><\/script><div data-widget=\"123boeken\" data-apikey=\"1596734iCeQK2dAMvAI13Piq940416yjIBh47Mql6r3981P4l6\"><\/div>    <\/div>\n<\/div>\n<!-- \/module plain text -->        <\/div>\n                        <\/div>\n        <\/div>\n                        <div  data-lazy=\"1\" class=\"module_row themify_builder_row tb_xsd18 tf_w\">\n                        <div class=\"row_inner col_align_top tb_col_count_1 tf_box tf_rel\">\n                        <div  data-lazy=\"1\" class=\"module_column tb-column col-full tb_k0my9 first\">\n                    <!-- module text -->\n<div  class=\"module module-text tb_8ja59   \" data-lazy=\"1\">\n        <div  class=\"tb_text_wrap\">\n        <h2 style=\"text-align: center;\">Mieten Sie ein klassisches Motorboot in Friesland<\/h2>\n<p style=\"text-align: center;\">Friesland ist eine wahre Wassersport-Provinz. Mit einem Motorboot k\u00f6nnen Sie durch ganz Friesland fahren. Fahren Sie durch kleine Gr\u00e4ben und die friesischen Elfst\u00e4dte. Mit den klassischen Motorbooten von Bootfahren mit Sil erleben Sie Friesland bequem und einfach vom Wasser aus. Alle unsere Motorboote haben ein Bugstrahlruder.<\/p>\n<h3 style=\"text-align: center;\">Motorboot mieten in Friesland ohne Erfahrung<\/h3>\n<p style=\"text-align: center;\">F\u00fcr die Motorboote von Bootfahren mit Sil brauchen Sie keinen Bootsf\u00fchrerschein. Unsere Boote haben ein Bugstrahlruder und sind leicht zu steuern. Sie m\u00f6chten ein Boot mieten in Friesland, aber haben noch keine Fahrerfahrung? Wir geben Ihnen gerne Fahrunterricht und Anweisungen, damit Sie danach mit gutem Gem\u00fct die Trossen loswerfen k\u00f6nnen. <\/p>\n<h3 style=\"text-align: center;\">Schiffsrouten in Friesland<\/h3>\n<p style=\"text-align: center;\">Mieten Sie ein Boot in Friesland bei Bootfahren mit Sil. W\u00e4hlen Sie aus unseren klassischen Booten f\u00fcr Ihren Bootsurlaub in Friesland. Wir helfen Ihnen gerne bei der Vorbereitung Ihres Bootsurlaubs in Friesland. Mit unseren speziellen<a href=\"https:\/\/varenmetsil.nl\/varen-in-friesland\/\">Bootfahren-mit-Sil-Routen<\/a> und Fahrtipps macht Ihr Urlaub noch mehr Spa\u00df. Wir haben eine Route durch die friesischen Elfst\u00e4dte, eine kurze Route durch Stadt und Natur sowie Routen durch den <a href=\"https:\/\/www.np-lauwersmeer.nl\">Nationalpark Lauwersmeer<\/a>. Besuchen Sie auch die Seite <a href=\"https:\/\/varenmetsil.nl\/varen-in-friesland\/\">Bootfahren in Friesland<\/a> f\u00fcr mehr Inspiration.<\/p>\n<h3 style=\"text-align: center;\">Der Beginn Ihres Bootsurlaubs<\/h3>\n<p style=\"text-align: center;\">Bei Bootfahren mit Sil bestimmen Sie selber, an welchem Tag Ihr Urlaub beginnt. Jeder Tag ist ein Wechseltag, also sind Sie nicht an ein Wochenende oder die Wochenmitte gebunden. Wann beginnt Ihr Bootsurlaub?<\/p>\n<h3 style=\"text-align: center;\">Mieten Sie einen Super Favorite Kreuzer<\/h3>\n<p style=\"text-align: center;\">Unsere Motorboote sind fast alle Super Favorites und wurden in der Mulder Werft in Voorschoten gebaut. Jedes der Boote hat seinen eigenen Charakter und sein eigenes Layout. Wir haben zum Beispiel Boote mit Cabriodach vorne, Schlafzimmer in der Spitze oder am Heck des Bootes. Welches Boot w\u00e4hlen Sie? Samar, Moanne, Lobke, Fenne oder Mare.<\/p>\n<h3 style=\"text-align: center;\">\u00dcber Bootfahren mit Sil<\/h3>\n<p style=\"text-align: center;\">Bootfahren mit Sil ist ein junges und wachsendes Unternehmen. Wir haben in 2020 mit der Vermietung von Lobke angefangen und inzwischen ist unsere Flotte auf 13 Boote angewachsen. Das Team von Bootfahren mit Sil besteht aus Sil, Silke, Gerrit, Jesse und Nikki. Gemeinsam sind sie den ganzen Sommer \u00fcber im Hafen anzutreffen. Sil ist der kreative und unternehmerische Kopf, Silke k\u00fcmmert sich um die Planung und Organisation und Gerrit und Jesse um den Verleih und die Technik. Nikki ist verantwortlich f\u00fcr soziale Medien sowie die Brunch-K\u00f6rbe und Fr\u00fchst\u00fccke von <a href=\"http:\/\/www.picknikki.nl\">Picknikki.<\/a><\/p>\n<h3 style=\"text-align: center;\">Kontakt<\/h3>\n<p style=\"text-align: center;\">Haben wir Ihr Interesse an einer Motorbootmiete in Friesland geweckt? Gerne geben wir Ihnen noch weitere Informationen. Klicken Sie auf <a href=\"https:\/\/varenmetsil.nl\/contact\/\">unsere Kontaktseite<\/a> f\u00fcr unsere Kontaktdaten. Auch k\u00f6nnen Sie jederzeit eine E-Mail schreiben an info@varenmetsil.nl<\/p>    <\/div>\n<\/div>\n<!-- \/module text -->        <\/div>\n                        <\/div>\n        <\/div>\n        <\/div>\n<!--\/themify_builder_content-->","protected":false},"excerpt":{"rendered":"<p>Motorboot mieten in Friesland? Bei uns k\u00f6nnen Sie klassische Motorboote f\u00fcr Ihren Bootsurlaub mieten!<\/p>\n","protected":false},"author":2,"featured_media":0,"parent":0,"menu_order":0,"comment_status":"closed","ping_status":"closed","template":"","meta":{"_monsterinsights_skip_tracking":false,"_monsterinsights_sitenote_active":false,"_monsterinsights_sitenote_note":"","_monsterinsights_sitenote_category":0,"footnotes":""},"class_list":["post-4782","page","type-page","status-publish","hentry","has-post-title","has-post-date","has-post-category","has-post-tag","has-post-comment","has-post-author",""],"acf":[],"yoast_head":"<!-- This site is optimized with the Yoast SEO plugin v25.8 - https:\/\/yoast.com\/wordpress\/plugins\/seo\/ -->\n<title>Motorboot mieten in Friesland? - Varen met Sil<\/title>\n<meta name=\"description\" content=\"Motorboot mieten in Friesland? Bei Bootfahren mit Sil k\u00f6nnen Sie ein klassisches Motorboot mieten. Buchen Sie jetzt online!\" \/>\n<meta name=\"robots\" content=\"index, follow, max-snippet:-1, max-image-preview:large, max-video-preview:-1\" \/>\n<link rel=\"canonical\" href=\"https:\/\/varenmetsil.nl\/de\/motorboote\/\" \/>\n<meta property=\"og:locale\" content=\"de_DE\" \/>\n<meta property=\"og:type\" content=\"article\" \/>\n<meta property=\"og:title\" content=\"Motorboot mieten in Friesland? - Varen met Sil\" \/>\n<meta property=\"og:description\" content=\"Motorboot mieten in Friesland? Bei Bootfahren mit Sil k\u00f6nnen Sie ein klassisches Motorboot mieten. Buchen Sie jetzt online!\" \/>\n<meta property=\"og:url\" content=\"https:\/\/varenmetsil.nl\/de\/motorboote\/\" \/>\n<meta property=\"og:site_name\" content=\"Varen met Sil\" \/>\n<meta property=\"article:publisher\" content=\"https:\/\/www.facebook.com\/varenmetsil\" \/>\n<meta property=\"article:modified_time\" content=\"2023-01-16T18:53:16+00:00\" \/>\n<meta name=\"twitter:card\" content=\"summary_large_image\" \/>\n<script type=\"application\/ld+json\" class=\"yoast-schema-graph\">{\"@context\":\"https:\/\/schema.org\",\"@graph\":[{\"@type\":\"WebPage\",\"@id\":\"https:\/\/varenmetsil.nl\/de\/motorboote\/\",\"url\":\"https:\/\/varenmetsil.nl\/de\/motorboote\/\",\"name\":\"Motorboot mieten in Friesland? - Varen met Sil\",\"isPartOf\":{\"@id\":\"https:\/\/varenmetsil.nl\/de\/#website\"},\"datePublished\":\"2020-11-14T20:56:27+00:00\",\"dateModified\":\"2023-01-16T18:53:16+00:00\",\"description\":\"Motorboot mieten in Friesland? Bei Bootfahren mit Sil k\u00f6nnen Sie ein klassisches Motorboot mieten. Buchen Sie jetzt online!\",\"breadcrumb\":{\"@id\":\"https:\/\/varenmetsil.nl\/de\/motorboote\/#breadcrumb\"},\"inLanguage\":\"de\",\"potentialAction\":[{\"@type\":\"ReadAction\",\"target\":[\"https:\/\/varenmetsil.nl\/de\/motorboote\/\"]}]},{\"@type\":\"BreadcrumbList\",\"@id\":\"https:\/\/varenmetsil.nl\/de\/motorboote\/#breadcrumb\",\"itemListElement\":[{\"@type\":\"ListItem\",\"position\":1,\"name\":\"Home\",\"item\":\"https:\/\/varenmetsil.nl\/de\/\"},{\"@type\":\"ListItem\",\"position\":2,\"name\":\"Motorboote\"}]},{\"@type\":\"WebSite\",\"@id\":\"https:\/\/varenmetsil.nl\/de\/#website\",\"url\":\"https:\/\/varenmetsil.nl\/de\/\",\"name\":\"Varen met Sil\",\"description\":\"Varen met Sil\",\"publisher\":{\"@id\":\"https:\/\/varenmetsil.nl\/de\/#organization\"},\"potentialAction\":[{\"@type\":\"SearchAction\",\"target\":{\"@type\":\"EntryPoint\",\"urlTemplate\":\"https:\/\/varenmetsil.nl\/de\/?s={search_term_string}\"},\"query-input\":{\"@type\":\"PropertyValueSpecification\",\"valueRequired\":true,\"valueName\":\"search_term_string\"}}],\"inLanguage\":\"de\"},{\"@type\":\"Organization\",\"@id\":\"https:\/\/varenmetsil.nl\/de\/#organization\",\"name\":\"Varen met Sil\",\"url\":\"https:\/\/varenmetsil.nl\/de\/\",\"logo\":{\"@type\":\"ImageObject\",\"inLanguage\":\"de\",\"@id\":\"https:\/\/varenmetsil.nl\/de\/#\/schema\/logo\/image\/\",\"url\":\"https:\/\/varenmetsil.nl\/wp-content\/uploads\/2020\/12\/sil-zonder-tekst.png\",\"contentUrl\":\"https:\/\/varenmetsil.nl\/wp-content\/uploads\/2020\/12\/sil-zonder-tekst.png\",\"width\":1069,\"height\":1166,\"caption\":\"Varen met Sil\"},\"image\":{\"@id\":\"https:\/\/varenmetsil.nl\/de\/#\/schema\/logo\/image\/\"},\"sameAs\":[\"https:\/\/www.facebook.com\/varenmetsil\",\"https:\/\/www.instagram.com\/varenmetsil\/\"]}]}<\/script>\n<!-- \/ Yoast SEO plugin. -->","yoast_head_json":{"title":"Motorboot mieten in Friesland? - Varen met Sil","description":"Motorboot mieten in Friesland? Bei Bootfahren mit Sil k\u00f6nnen Sie ein klassisches Motorboot mieten. Buchen Sie jetzt online!","robots":{"index":"index","follow":"follow","max-snippet":"max-snippet:-1","max-image-preview":"max-image-preview:large","max-video-preview":"max-video-preview:-1"},"canonical":"https:\/\/varenmetsil.nl\/de\/motorboote\/","og_locale":"de_DE","og_type":"article","og_title":"Motorboot mieten in Friesland? - Varen met Sil","og_description":"Motorboot mieten in Friesland? Bei Bootfahren mit Sil k\u00f6nnen Sie ein klassisches Motorboot mieten. Buchen Sie jetzt online!","og_url":"https:\/\/varenmetsil.nl\/de\/motorboote\/","og_site_name":"Varen met Sil","article_publisher":"https:\/\/www.facebook.com\/varenmetsil","article_modified_time":"2023-01-16T18:53:16+00:00","twitter_card":"summary_large_image","schema":{"@context":"https:\/\/schema.org","@graph":[{"@type":"WebPage","@id":"https:\/\/varenmetsil.nl\/de\/motorboote\/","url":"https:\/\/varenmetsil.nl\/de\/motorboote\/","name":"Motorboot mieten in Friesland? - Varen met Sil","isPartOf":{"@id":"https:\/\/varenmetsil.nl\/de\/#website"},"datePublished":"2020-11-14T20:56:27+00:00","dateModified":"2023-01-16T18:53:16+00:00","description":"Motorboot mieten in Friesland? Bei Bootfahren mit Sil k\u00f6nnen Sie ein klassisches Motorboot mieten. Buchen Sie jetzt online!","breadcrumb":{"@id":"https:\/\/varenmetsil.nl\/de\/motorboote\/#breadcrumb"},"inLanguage":"de","potentialAction":[{"@type":"ReadAction","target":["https:\/\/varenmetsil.nl\/de\/motorboote\/"]}]},{"@type":"BreadcrumbList","@id":"https:\/\/varenmetsil.nl\/de\/motorboote\/#breadcrumb","itemListElement":[{"@type":"ListItem","position":1,"name":"Home","item":"https:\/\/varenmetsil.nl\/de\/"},{"@type":"ListItem","position":2,"name":"Motorboote"}]},{"@type":"WebSite","@id":"https:\/\/varenmetsil.nl\/de\/#website","url":"https:\/\/varenmetsil.nl\/de\/","name":"Varen met Sil","description":"Varen met Sil","publisher":{"@id":"https:\/\/varenmetsil.nl\/de\/#organization"},"potentialAction":[{"@type":"SearchAction","target":{"@type":"EntryPoint","urlTemplate":"https:\/\/varenmetsil.nl\/de\/?s={search_term_string}"},"query-input":{"@type":"PropertyValueSpecification","valueRequired":true,"valueName":"search_term_string"}}],"inLanguage":"de"},{"@type":"Organization","@id":"https:\/\/varenmetsil.nl\/de\/#organization","name":"Varen met Sil","url":"https:\/\/varenmetsil.nl\/de\/","logo":{"@type":"ImageObject","inLanguage":"de","@id":"https:\/\/varenmetsil.nl\/de\/#\/schema\/logo\/image\/","url":"https:\/\/varenmetsil.nl\/wp-content\/uploads\/2020\/12\/sil-zonder-tekst.png","contentUrl":"https:\/\/varenmetsil.nl\/wp-content\/uploads\/2020\/12\/sil-zonder-tekst.png","width":1069,"height":1166,"caption":"Varen met Sil"},"image":{"@id":"https:\/\/varenmetsil.nl\/de\/#\/schema\/logo\/image\/"},"sameAs":["https:\/\/www.facebook.com\/varenmetsil","https:\/\/www.instagram.com\/varenmetsil\/"]}]}},"jetpack_sharing_enabled":true,"builder_content":"<h1 style=\"text-align: right;\">Motorboot mieten in Friesland?<\/h1> <p style=\"text-align: right;\">Bei uns k\u00f6nnen Sie klassische Motorboote f\u00fcr Ihren Bootsurlaub mieten!<\/p>\n<a href=\"https:\/\/varenmetsil.nl\/dagjesboten\" > Sehen Sie sich auch unsere Tagesboote an! <\/a>\n<h2 style=\"text-align: center;\">Klassisches Boot mieten in Friesland?<\/h2> <p style=\"text-align: center;\">Hier finden Sie alle unsere charakteristischen Boote. Wir haben f\u00fcnf Motorboote, vier Segelboote und drei Tagesboote. Die Urlaubsboote haben mindestens zwei feste Schlafpl\u00e4tze und sind komplett ausgestattet. Au\u00dferdem k\u00f6nnen Sie ein kleines Zelt mitbringen und dieses neben dem Boot aufstellen. Gegen einen Aufpreis sind Hunde an Bord erlaubt. Sie brauchen keinen Bootsf\u00fchrerschein!<\/p>\n\n<h2 style=\"text-align: center;\">Mieten Sie ein klassisches Motorboot in Friesland<\/h2> <p style=\"text-align: center;\">Friesland ist eine wahre Wassersport-Provinz. Mit einem Motorboot k\u00f6nnen Sie durch ganz Friesland fahren. Fahren Sie durch kleine Gr\u00e4ben und die friesischen Elfst\u00e4dte. Mit den klassischen Motorbooten von Bootfahren mit Sil erleben Sie Friesland bequem und einfach vom Wasser aus. Alle unsere Motorboote haben ein Bugstrahlruder.<\/p> <h3 style=\"text-align: center;\">Motorboot mieten in Friesland ohne Erfahrung<\/h3> <p style=\"text-align: center;\">F\u00fcr die Motorboote von Bootfahren mit Sil brauchen Sie keinen Bootsf\u00fchrerschein. Unsere Boote haben ein Bugstrahlruder und sind leicht zu steuern. Sie m\u00f6chten ein Boot mieten in Friesland, aber haben noch keine Fahrerfahrung? Wir geben Ihnen gerne Fahrunterricht und Anweisungen, damit Sie danach mit gutem Gem\u00fct die Trossen loswerfen k\u00f6nnen. <\/p> <h3 style=\"text-align: center;\">Schiffsrouten in Friesland<\/h3> <p style=\"text-align: center;\">Mieten Sie ein Boot in Friesland bei Bootfahren mit Sil. W\u00e4hlen Sie aus unseren klassischen Booten f\u00fcr Ihren Bootsurlaub in Friesland. Wir helfen Ihnen gerne bei der Vorbereitung Ihres Bootsurlaubs in Friesland. Mit unseren speziellen<a href=\"https:\/\/varenmetsil.nl\/varen-in-friesland\/\">Bootfahren-mit-Sil-Routen<\/a> und Fahrtipps macht Ihr Urlaub noch mehr Spa\u00df. Wir haben eine Route durch die friesischen Elfst\u00e4dte, eine kurze Route durch Stadt und Natur sowie Routen durch den <a href=\"https:\/\/www.np-lauwersmeer.nl\">Nationalpark Lauwersmeer<\/a>. Besuchen Sie auch die Seite <a href=\"https:\/\/varenmetsil.nl\/varen-in-friesland\/\">Bootfahren in Friesland<\/a> f\u00fcr mehr Inspiration.<\/p> <h3 style=\"text-align: center;\">Der Beginn Ihres Bootsurlaubs<\/h3> <p style=\"text-align: center;\">Bei Bootfahren mit Sil bestimmen Sie selber, an welchem Tag Ihr Urlaub beginnt. Jeder Tag ist ein Wechseltag, also sind Sie nicht an ein Wochenende oder die Wochenmitte gebunden. Wann beginnt Ihr Bootsurlaub?<\/p> <h3 style=\"text-align: center;\">Mieten Sie einen Super Favorite Kreuzer<\/h3> <p style=\"text-align: center;\">Unsere Motorboote sind fast alle Super Favorites und wurden in der Mulder Werft in Voorschoten gebaut. Jedes der Boote hat seinen eigenen Charakter und sein eigenes Layout. Wir haben zum Beispiel Boote mit Cabriodach vorne, Schlafzimmer in der Spitze oder am Heck des Bootes. Welches Boot w\u00e4hlen Sie? Samar, Moanne, Lobke, Fenne oder Mare.<\/p> <h3 style=\"text-align: center;\">\u00dcber Bootfahren mit Sil<\/h3> <p style=\"text-align: center;\">Bootfahren mit Sil ist ein junges und wachsendes Unternehmen. Wir haben in 2020 mit der Vermietung von Lobke angefangen und inzwischen ist unsere Flotte auf 13 Boote angewachsen. Das Team von Bootfahren mit Sil besteht aus Sil, Silke, Gerrit, Jesse und Nikki. Gemeinsam sind sie den ganzen Sommer \u00fcber im Hafen anzutreffen. Sil ist der kreative und unternehmerische Kopf, Silke k\u00fcmmert sich um die Planung und Organisation und Gerrit und Jesse um den Verleih und die Technik. Nikki ist verantwortlich f\u00fcr soziale Medien sowie die Brunch-K\u00f6rbe und Fr\u00fchst\u00fccke von <a href=\"http:\/\/www.picknikki.nl\">Picknikki.<\/a><\/p> <h3 style=\"text-align: center;\">Kontakt<\/h3> <p style=\"text-align: center;\">Haben wir Ihr Interesse an einer Motorbootmiete in Friesland geweckt? Gerne geben wir Ihnen noch weitere Informationen. Klicken Sie auf <a href=\"https:\/\/varenmetsil.nl\/contact\/\">unsere Kontaktseite<\/a> f\u00fcr unsere Kontaktdaten. Auch k\u00f6nnen Sie jederzeit eine E-Mail schreiben an info@varenmetsil.nl<\/p>","_links":{"self":[{"href":"https:\/\/varenmetsil.nl\/de\/wp-json\/wp\/v2\/pages\/4782","targetHints":{"allow":["GET"]}}],"collection":[{"href":"https:\/\/varenmetsil.nl\/de\/wp-json\/wp\/v2\/pages"}],"about":[{"href":"https:\/\/varenmetsil.nl\/de\/wp-json\/wp\/v2\/types\/page"}],"author":[{"embeddable":true,"href":"https:\/\/varenmetsil.nl\/de\/wp-json\/wp\/v2\/users\/2"}],"replies":[{"embeddable":true,"href":"https:\/\/varenmetsil.nl\/de\/wp-json\/wp\/v2\/comments?post=4782"}],"version-history":[{"count":4,"href":"https:\/\/varenmetsil.nl\/de\/wp-json\/wp\/v2\/pages\/4782\/revisions"}],"predecessor-version":[{"id":5182,"href":"https:\/\/varenmetsil.nl\/de\/wp-json\/wp\/v2\/pages\/4782\/revisions\/5182"}],"wp:attachment":[{"href":"https:\/\/varenmetsil.nl\/de\/wp-json\/wp\/v2\/media?parent=4782"}],"curies":[{"name":"wp","href":"https:\/\/api.w.org\/{rel}","templated":true}]}}